{"id":5555,"date":"2026-03-30T22:46:45","date_gmt":"2026-03-30T20:46:45","guid":{"rendered":"https:\/\/snappform.com\/model\/tele-one-03"},"modified":"2026-03-31T15:24:17","modified_gmt":"2026-03-31T13:24:17","slug":"tele-one-03","status":"publish","type":"product","link":"https:\/\/snappform.com\/en\/model\/tele-one-03","title":{"rendered":"Tele one 03"},"content":{"rendered":"<p data-path-to-node=\"4\">Tele one is a table that combines contemporary rawness with everyday functionality. The massive yet subtle top rests on a central segmented leg &#8211; this repetitive, rhythmic detail gives it a calm, architectural feel and keeps the form visually light despite the sturdy steel structure. <\/p>\n<p data-path-to-node=\"5\">The table is based on a noble contrast of materials. The leg is always made of powder-coated steel with a texture that adds depth and resistance to the furniture. Tops with visible wood grain are made of solid oak, while the opaque lacquered versions are made of ash, which preserves the subtle structure of the wood under the color.  <\/p>\n<p data-path-to-node=\"6\">\n","protected":false},"excerpt":{"rendered":"<p>Tele one is a table that combines contemporary rawness with everyday functionality. The massive yet subtle top rests on a central segmented leg &#8211; this repetitive, rhythmic detail gives it a calm, architectural feel and keeps the form visually light despite the sturdy steel structure. The table is based on a noble contrast of materials. [&hellip;]<\/p>\n","protected":false},"featured_media":5554,"comment_status":"closed","ping_status":"closed","template":"","meta":[],"product_brand":[],"product_cat":[90],"product_tag":[],"class_list":{"0":"post-5555","1":"product","2":"type-product","3":"status-publish","4":"has-post-thumbnail","6":"product_cat-tables","8":"first","9":"instock","10":"shipping-taxable","11":"purchasable","12":"product-type-variable","13":"has-default-attributes"},"yoast_head":"<!-- This site is optimized with the Yoast SEO plugin v27.0 - https:\/\/yoast.com\/product\/yoast-seo-wordpress\/ -->\n<title>Tele one 03 - Ponadczasowe meble Snapp \u2013 trwa\u0142e materia\u0142y, \u015bwiadomy wyb\u00f3r<\/title>\n<meta name=\"robots\" content=\"index, follow, max-snippet:-1, max-image-preview:large, max-video-preview:-1\" \/>\n<link rel=\"canonical\" href=\"https:\/\/snappform.com\/en\/model\/tele-one-03\" \/>\n<meta property=\"og:locale\" content=\"en_US\" \/>\n<meta property=\"og:type\" content=\"article\" \/>\n<meta property=\"og:title\" content=\"Tele one 03 - Ponadczasowe meble Snapp \u2013 trwa\u0142e materia\u0142y, \u015bwiadomy wyb\u00f3r\" \/>\n<meta property=\"og:description\" content=\"Tele one is a table that combines contemporary rawness with everyday functionality. The massive yet subtle top rests on a central segmented leg &#8211; this repetitive, rhythmic detail gives it a calm, architectural feel and keeps the form visually light despite the sturdy steel structure. The table is based on a noble contrast of materials. [&hellip;]\" \/>\n<meta property=\"og:url\" content=\"https:\/\/snappform.com\/en\/model\/tele-one-03\" \/>\n<meta property=\"og:site_name\" content=\"Ponadczasowe meble Snapp \u2013 trwa\u0142e materia\u0142y, \u015bwiadomy wyb\u00f3r\" \/>\n<meta property=\"article:modified_time\" content=\"2026-03-31T13:24:17+00:00\" \/>\n<meta property=\"og:image\" content=\"https:\/\/snappform.com\/wp-content\/uploads\/2026\/03\/Tele-one-100-RAL-1019-drewno.png\" \/>\n\t<meta property=\"og:image:width\" content=\"1920\" \/>\n\t<meta property=\"og:image:height\" content=\"1920\" \/>\n\t<meta property=\"og:image:type\" content=\"image\/png\" \/>\n<meta name=\"twitter:card\" content=\"summary_large_image\" \/>\n<meta name=\"twitter:label1\" content=\"Est. reading time\" \/>\n\t<meta name=\"twitter:data1\" content=\"1 minute\" \/>\n<script type=\"application\/ld+json\" class=\"yoast-schema-graph\">{\"@context\":\"https:\/\/schema.org\",\"@graph\":[{\"@type\":\"WebPage\",\"@id\":\"https:\/\/snappform.com\/en\/model\/tele-one-03\",\"url\":\"https:\/\/snappform.com\/en\/model\/tele-one-03\",\"name\":\"Tele one 03 - Ponadczasowe meble Snapp \u2013 trwa\u0142e materia\u0142y, \u015bwiadomy wyb\u00f3r\",\"isPartOf\":{\"@id\":\"https:\/\/snappform.com\/en#website\"},\"primaryImageOfPage\":{\"@id\":\"https:\/\/snappform.com\/en\/model\/tele-one-03#primaryimage\"},\"image\":{\"@id\":\"https:\/\/snappform.com\/en\/model\/tele-one-03#primaryimage\"},\"thumbnailUrl\":\"https:\/\/snappform.com\/wp-content\/uploads\/2026\/03\/Tele-one-100-RAL-1019-drewno.png\",\"datePublished\":\"2026-03-30T20:46:45+00:00\",\"dateModified\":\"2026-03-31T13:24:17+00:00\",\"breadcrumb\":{\"@id\":\"https:\/\/snappform.com\/en\/model\/tele-one-03#breadcrumb\"},\"inLanguage\":\"en-US\",\"potentialAction\":[{\"@type\":\"ReadAction\",\"target\":[\"https:\/\/snappform.com\/en\/model\/tele-one-03\"]}]},{\"@type\":\"ImageObject\",\"inLanguage\":\"en-US\",\"@id\":\"https:\/\/snappform.com\/en\/model\/tele-one-03#primaryimage\",\"url\":\"https:\/\/snappform.com\/wp-content\/uploads\/2026\/03\/Tele-one-100-RAL-1019-drewno.png\",\"contentUrl\":\"https:\/\/snappform.com\/wp-content\/uploads\/2026\/03\/Tele-one-100-RAL-1019-drewno.png\",\"width\":1920,\"height\":1920},{\"@type\":\"BreadcrumbList\",\"@id\":\"https:\/\/snappform.com\/en\/model\/tele-one-03#breadcrumb\",\"itemListElement\":[{\"@type\":\"ListItem\",\"position\":1,\"name\":\"Strona g\u0142\u00f3wna\",\"item\":\"https:\/\/snappform.com\/en\"},{\"@type\":\"ListItem\",\"position\":2,\"name\":\"Shop\",\"item\":\"https:\/\/snappform.com\/en\/shop\"},{\"@type\":\"ListItem\",\"position\":3,\"name\":\"Tele one 03\"}]},{\"@type\":\"WebSite\",\"@id\":\"https:\/\/snappform.com\/en#website\",\"url\":\"https:\/\/snappform.com\/en\",\"name\":\"Ponadczasowe meble Snapp \u2013 trwa\u0142e materia\u0142y, \u015bwiadomy wyb\u00f3r\",\"description\":\"\",\"publisher\":{\"@id\":\"https:\/\/snappform.com\/en#organization\"},\"potentialAction\":[{\"@type\":\"SearchAction\",\"target\":{\"@type\":\"EntryPoint\",\"urlTemplate\":\"https:\/\/snappform.com\/en?s={search_term_string}\"},\"query-input\":{\"@type\":\"PropertyValueSpecification\",\"valueRequired\":true,\"valueName\":\"search_term_string\"}}],\"inLanguage\":\"en-US\"},{\"@type\":\"Organization\",\"@id\":\"https:\/\/snappform.com\/en#organization\",\"name\":\"Snapp\",\"url\":\"https:\/\/snappform.com\/en\",\"logo\":{\"@type\":\"ImageObject\",\"inLanguage\":\"en-US\",\"@id\":\"https:\/\/snappform.com\/en#\/schema\/logo\/image\/\",\"url\":\"https:\/\/snapp.pexstudio.pl\/wp-content\/uploads\/2025\/05\/snapp-logo.png\",\"contentUrl\":\"https:\/\/snapp.pexstudio.pl\/wp-content\/uploads\/2025\/05\/snapp-logo.png\",\"width\":512,\"height\":512,\"caption\":\"Snapp\"},\"image\":{\"@id\":\"https:\/\/snappform.com\/en#\/schema\/logo\/image\/\"}}]}<\/script>\n<!-- \/ Yoast SEO plugin. -->","yoast_head_json":{"title":"Tele one 03 - Ponadczasowe meble Snapp \u2013 trwa\u0142e materia\u0142y, \u015bwiadomy wyb\u00f3r","robots":{"index":"index","follow":"follow","max-snippet":"max-snippet:-1","max-image-preview":"max-image-preview:large","max-video-preview":"max-video-preview:-1"},"canonical":"https:\/\/snappform.com\/en\/model\/tele-one-03","og_locale":"en_US","og_type":"article","og_title":"Tele one 03 - Ponadczasowe meble Snapp \u2013 trwa\u0142e materia\u0142y, \u015bwiadomy wyb\u00f3r","og_description":"Tele one is a table that combines contemporary rawness with everyday functionality. The massive yet subtle top rests on a central segmented leg &#8211; this repetitive, rhythmic detail gives it a calm, architectural feel and keeps the form visually light despite the sturdy steel structure. The table is based on a noble contrast of materials. [&hellip;]","og_url":"https:\/\/snappform.com\/en\/model\/tele-one-03","og_site_name":"Ponadczasowe meble Snapp \u2013 trwa\u0142e materia\u0142y, \u015bwiadomy wyb\u00f3r","article_modified_time":"2026-03-31T13:24:17+00:00","og_image":[{"width":1920,"height":1920,"url":"https:\/\/snappform.com\/wp-content\/uploads\/2026\/03\/Tele-one-100-RAL-1019-drewno.png","type":"image\/png"}],"twitter_card":"summary_large_image","twitter_misc":{"Est. reading time":"1 minute"},"schema":{"@context":"https:\/\/schema.org","@graph":[{"@type":"WebPage","@id":"https:\/\/snappform.com\/en\/model\/tele-one-03","url":"https:\/\/snappform.com\/en\/model\/tele-one-03","name":"Tele one 03 - Ponadczasowe meble Snapp \u2013 trwa\u0142e materia\u0142y, \u015bwiadomy wyb\u00f3r","isPartOf":{"@id":"https:\/\/snappform.com\/en#website"},"primaryImageOfPage":{"@id":"https:\/\/snappform.com\/en\/model\/tele-one-03#primaryimage"},"image":{"@id":"https:\/\/snappform.com\/en\/model\/tele-one-03#primaryimage"},"thumbnailUrl":"https:\/\/snappform.com\/wp-content\/uploads\/2026\/03\/Tele-one-100-RAL-1019-drewno.png","datePublished":"2026-03-30T20:46:45+00:00","dateModified":"2026-03-31T13:24:17+00:00","breadcrumb":{"@id":"https:\/\/snappform.com\/en\/model\/tele-one-03#breadcrumb"},"inLanguage":"en-US","potentialAction":[{"@type":"ReadAction","target":["https:\/\/snappform.com\/en\/model\/tele-one-03"]}]},{"@type":"ImageObject","inLanguage":"en-US","@id":"https:\/\/snappform.com\/en\/model\/tele-one-03#primaryimage","url":"https:\/\/snappform.com\/wp-content\/uploads\/2026\/03\/Tele-one-100-RAL-1019-drewno.png","contentUrl":"https:\/\/snappform.com\/wp-content\/uploads\/2026\/03\/Tele-one-100-RAL-1019-drewno.png","width":1920,"height":1920},{"@type":"BreadcrumbList","@id":"https:\/\/snappform.com\/en\/model\/tele-one-03#breadcrumb","itemListElement":[{"@type":"ListItem","position":1,"name":"Strona g\u0142\u00f3wna","item":"https:\/\/snappform.com\/en"},{"@type":"ListItem","position":2,"name":"Shop","item":"https:\/\/snappform.com\/en\/shop"},{"@type":"ListItem","position":3,"name":"Tele one 03"}]},{"@type":"WebSite","@id":"https:\/\/snappform.com\/en#website","url":"https:\/\/snappform.com\/en","name":"Ponadczasowe meble Snapp \u2013 trwa\u0142e materia\u0142y, \u015bwiadomy wyb\u00f3r","description":"","publisher":{"@id":"https:\/\/snappform.com\/en#organization"},"potentialAction":[{"@type":"SearchAction","target":{"@type":"EntryPoint","urlTemplate":"https:\/\/snappform.com\/en?s={search_term_string}"},"query-input":{"@type":"PropertyValueSpecification","valueRequired":true,"valueName":"search_term_string"}}],"inLanguage":"en-US"},{"@type":"Organization","@id":"https:\/\/snappform.com\/en#organization","name":"Snapp","url":"https:\/\/snappform.com\/en","logo":{"@type":"ImageObject","inLanguage":"en-US","@id":"https:\/\/snappform.com\/en#\/schema\/logo\/image\/","url":"https:\/\/snapp.pexstudio.pl\/wp-content\/uploads\/2025\/05\/snapp-logo.png","contentUrl":"https:\/\/snapp.pexstudio.pl\/wp-content\/uploads\/2025\/05\/snapp-logo.png","width":512,"height":512,"caption":"Snapp"},"image":{"@id":"https:\/\/snappform.com\/en#\/schema\/logo\/image\/"}}]}},"_links":{"self":[{"href":"https:\/\/snappform.com\/en\/wp-json\/wp\/v2\/product\/5555","targetHints":{"allow":["GET"]}}],"collection":[{"href":"https:\/\/snappform.com\/en\/wp-json\/wp\/v2\/product"}],"about":[{"href":"https:\/\/snappform.com\/en\/wp-json\/wp\/v2\/types\/product"}],"replies":[{"embeddable":true,"href":"https:\/\/snappform.com\/en\/wp-json\/wp\/v2\/comments?post=5555"}],"wp:featuredmedia":[{"embeddable":true,"href":"https:\/\/snappform.com\/en\/wp-json\/wp\/v2\/media\/5554"}],"wp:attachment":[{"href":"https:\/\/snappform.com\/en\/wp-json\/wp\/v2\/media?parent=5555"}],"wp:term":[{"taxonomy":"product_brand","embeddable":true,"href":"https:\/\/snappform.com\/en\/wp-json\/wp\/v2\/product_brand?post=5555"},{"taxonomy":"product_cat","embeddable":true,"href":"https:\/\/snappform.com\/en\/wp-json\/wp\/v2\/product_cat?post=5555"},{"taxonomy":"product_tag","embeddable":true,"href":"https:\/\/snappform.com\/en\/wp-json\/wp\/v2\/product_tag?post=5555"}],"curies":[{"name":"wp","href":"https:\/\/api.w.org\/{rel}","templated":true}]}}