{"id":4621,"date":"2025-10-03T08:47:53","date_gmt":"2025-10-03T06:47:53","guid":{"rendered":"https:\/\/snappform.com\/model\/caesar-06-01"},"modified":"2026-01-08T21:57:41","modified_gmt":"2026-01-08T20:57:41","slug":"cesar-06-01","status":"publish","type":"product","link":"https:\/\/snappform.com\/en\/model\/cesar-06-01","title":{"rendered":"Cesar 06.01"},"content":{"rendered":"<p>Caesar is an aluminum office accessory that combines functionality with a distinctive, minimalist form. Made entirely from a single block of aluminum, it retains a natural, raw surface &#8211; with time it can subtly patina, taking on a noble character.<\/p>\n<p>The inspiration came from the classic dice &#8211; hence the rhythm of the milled &#8220;meshes&#8221; on the walls and the softly rounded corners, which give the block a tactile lightness.<\/p>\n<p>The 72\u00d772\u00d772 mm cubic form serves two roles: as a paperweight it stabilizes documents, and the central hole allows you to use it as a pen or pen holder. A discreet desk accent &#8211; solid, pleasant to the touch and timeless. It works well in both modern and classic arrangements, organizing the work space and introducing material elegance.<\/p>\n","protected":false},"excerpt":{"rendered":"<p>Caesar is an aluminum office accessory that combines functionality with a distinctive, minimalist form. Made entirely from a single block of aluminum, it retains a natural, raw surface &#8211; with time it can subtly patina, taking on a noble character. The inspiration came from the classic dice &#8211; hence the rhythm of the milled &#8220;meshes&#8221; [&hellip;]<\/p>\n","protected":false},"featured_media":4620,"comment_status":"closed","ping_status":"closed","template":"","meta":[],"product_brand":[],"product_cat":[168],"product_tag":[],"class_list":{"0":"post-4621","1":"product","2":"type-product","3":"status-publish","4":"has-post-thumbnail","6":"product_cat-accessories","7":"product_shipping_class-inpost-parcel-machine-41-x-38-x-64-cm","9":"first","10":"instock","11":"shipping-taxable","12":"purchasable","13":"product-type-variable","14":"has-default-attributes"},"yoast_head":"<!-- This site is optimized with the Yoast SEO plugin v27.0 - https:\/\/yoast.com\/product\/yoast-seo-wordpress\/ -->\n<title>Cesar - contemporary object for your office<\/title>\n<meta name=\"description\" content=\"Caesar is an aluminum office accessory that combines functionality with a distinctive, minimalist form. Made entirely from a single block of aluminum, it retains a natural, raw surface - with time it can subtly patina, taking on a noble character.\" \/>\n<meta name=\"robots\" content=\"index, follow, max-snippet:-1, max-image-preview:large, max-video-preview:-1\" \/>\n<link rel=\"canonical\" href=\"https:\/\/snappform.com\/en\/model\/cesar-06-01\" \/>\n<meta property=\"og:locale\" content=\"en_US\" \/>\n<meta property=\"og:type\" content=\"article\" \/>\n<meta property=\"og:title\" content=\"Cesar - contemporary object for your office\" \/>\n<meta property=\"og:description\" content=\"Caesar is an aluminum office accessory that combines functionality with a distinctive, minimalist form. Made entirely from a single block of aluminum, it retains a natural, raw surface - with time it can subtly patina, taking on a noble character.\" \/>\n<meta property=\"og:url\" content=\"https:\/\/snappform.com\/en\/model\/cesar-06-01\" \/>\n<meta property=\"og:site_name\" content=\"Ponadczasowe meble Snapp \u2013 trwa\u0142e materia\u0142y, \u015bwiadomy wyb\u00f3r\" \/>\n<meta property=\"article:modified_time\" content=\"2026-01-08T20:57:41+00:00\" \/>\n<meta property=\"og:image\" content=\"https:\/\/snappform.com\/wp-content\/uploads\/2025\/10\/Produktowe.webp\" \/>\n\t<meta property=\"og:image:width\" content=\"1590\" \/>\n\t<meta property=\"og:image:height\" content=\"1590\" \/>\n\t<meta property=\"og:image:type\" content=\"image\/webp\" \/>\n<meta name=\"twitter:card\" content=\"summary_large_image\" \/>\n<meta name=\"twitter:label1\" content=\"Est. reading time\" \/>\n\t<meta name=\"twitter:data1\" content=\"1 minute\" \/>\n<script type=\"application\/ld+json\" class=\"yoast-schema-graph\">{\"@context\":\"https:\/\/schema.org\",\"@graph\":[{\"@type\":\"WebPage\",\"@id\":\"https:\/\/snappform.com\/en\/model\/cesar-06-01\",\"url\":\"https:\/\/snappform.com\/en\/model\/cesar-06-01\",\"name\":\"Cesar - contemporary object for your office\",\"isPartOf\":{\"@id\":\"https:\/\/snappform.com\/en#website\"},\"primaryImageOfPage\":{\"@id\":\"https:\/\/snappform.com\/en\/model\/cesar-06-01#primaryimage\"},\"image\":{\"@id\":\"https:\/\/snappform.com\/en\/model\/cesar-06-01#primaryimage\"},\"thumbnailUrl\":\"https:\/\/snappform.com\/wp-content\/uploads\/2025\/10\/Produktowe.webp\",\"datePublished\":\"2025-10-03T06:47:53+00:00\",\"dateModified\":\"2026-01-08T20:57:41+00:00\",\"description\":\"Caesar is an aluminum office accessory that combines functionality with a distinctive, minimalist form. Made entirely from a single block of aluminum, it retains a natural, raw surface - with time it can subtly patina, taking on a noble character.\",\"breadcrumb\":{\"@id\":\"https:\/\/snappform.com\/en\/model\/cesar-06-01#breadcrumb\"},\"inLanguage\":\"en-US\",\"potentialAction\":[{\"@type\":\"ReadAction\",\"target\":[\"https:\/\/snappform.com\/en\/model\/cesar-06-01\"]}]},{\"@type\":\"ImageObject\",\"inLanguage\":\"en-US\",\"@id\":\"https:\/\/snappform.com\/en\/model\/cesar-06-01#primaryimage\",\"url\":\"https:\/\/snappform.com\/wp-content\/uploads\/2025\/10\/Produktowe.webp\",\"contentUrl\":\"https:\/\/snappform.com\/wp-content\/uploads\/2025\/10\/Produktowe.webp\",\"width\":1590,\"height\":1590},{\"@type\":\"BreadcrumbList\",\"@id\":\"https:\/\/snappform.com\/en\/model\/cesar-06-01#breadcrumb\",\"itemListElement\":[{\"@type\":\"ListItem\",\"position\":1,\"name\":\"Strona g\u0142\u00f3wna\",\"item\":\"https:\/\/snappform.com\/en\"},{\"@type\":\"ListItem\",\"position\":2,\"name\":\"Shop\",\"item\":\"https:\/\/snappform.com\/en\/shop\"},{\"@type\":\"ListItem\",\"position\":3,\"name\":\"Cesar 06.01\"}]},{\"@type\":\"WebSite\",\"@id\":\"https:\/\/snappform.com\/en#website\",\"url\":\"https:\/\/snappform.com\/en\",\"name\":\"Ponadczasowe meble Snapp \u2013 trwa\u0142e materia\u0142y, \u015bwiadomy wyb\u00f3r\",\"description\":\"\",\"publisher\":{\"@id\":\"https:\/\/snappform.com\/en#organization\"},\"potentialAction\":[{\"@type\":\"SearchAction\",\"target\":{\"@type\":\"EntryPoint\",\"urlTemplate\":\"https:\/\/snappform.com\/en?s={search_term_string}\"},\"query-input\":{\"@type\":\"PropertyValueSpecification\",\"valueRequired\":true,\"valueName\":\"search_term_string\"}}],\"inLanguage\":\"en-US\"},{\"@type\":\"Organization\",\"@id\":\"https:\/\/snappform.com\/en#organization\",\"name\":\"Snapp\",\"url\":\"https:\/\/snappform.com\/en\",\"logo\":{\"@type\":\"ImageObject\",\"inLanguage\":\"en-US\",\"@id\":\"https:\/\/snappform.com\/en#\/schema\/logo\/image\/\",\"url\":\"https:\/\/snapp.pexstudio.pl\/wp-content\/uploads\/2025\/05\/snapp-logo.png\",\"contentUrl\":\"https:\/\/snapp.pexstudio.pl\/wp-content\/uploads\/2025\/05\/snapp-logo.png\",\"width\":512,\"height\":512,\"caption\":\"Snapp\"},\"image\":{\"@id\":\"https:\/\/snappform.com\/en#\/schema\/logo\/image\/\"}}]}<\/script>\n<!-- \/ Yoast SEO plugin. -->","yoast_head_json":{"title":"Cesar - contemporary object for your office","description":"Caesar is an aluminum office accessory that combines functionality with a distinctive, minimalist form. Made entirely from a single block of aluminum, it retains a natural, raw surface - with time it can subtly patina, taking on a noble character.","robots":{"index":"index","follow":"follow","max-snippet":"max-snippet:-1","max-image-preview":"max-image-preview:large","max-video-preview":"max-video-preview:-1"},"canonical":"https:\/\/snappform.com\/en\/model\/cesar-06-01","og_locale":"en_US","og_type":"article","og_title":"Cesar - contemporary object for your office","og_description":"Caesar is an aluminum office accessory that combines functionality with a distinctive, minimalist form. Made entirely from a single block of aluminum, it retains a natural, raw surface - with time it can subtly patina, taking on a noble character.","og_url":"https:\/\/snappform.com\/en\/model\/cesar-06-01","og_site_name":"Ponadczasowe meble Snapp \u2013 trwa\u0142e materia\u0142y, \u015bwiadomy wyb\u00f3r","article_modified_time":"2026-01-08T20:57:41+00:00","og_image":[{"width":1590,"height":1590,"url":"https:\/\/snappform.com\/wp-content\/uploads\/2025\/10\/Produktowe.webp","type":"image\/webp"}],"twitter_card":"summary_large_image","twitter_misc":{"Est. reading time":"1 minute"},"schema":{"@context":"https:\/\/schema.org","@graph":[{"@type":"WebPage","@id":"https:\/\/snappform.com\/en\/model\/cesar-06-01","url":"https:\/\/snappform.com\/en\/model\/cesar-06-01","name":"Cesar - contemporary object for your office","isPartOf":{"@id":"https:\/\/snappform.com\/en#website"},"primaryImageOfPage":{"@id":"https:\/\/snappform.com\/en\/model\/cesar-06-01#primaryimage"},"image":{"@id":"https:\/\/snappform.com\/en\/model\/cesar-06-01#primaryimage"},"thumbnailUrl":"https:\/\/snappform.com\/wp-content\/uploads\/2025\/10\/Produktowe.webp","datePublished":"2025-10-03T06:47:53+00:00","dateModified":"2026-01-08T20:57:41+00:00","description":"Caesar is an aluminum office accessory that combines functionality with a distinctive, minimalist form. Made entirely from a single block of aluminum, it retains a natural, raw surface - with time it can subtly patina, taking on a noble character.","breadcrumb":{"@id":"https:\/\/snappform.com\/en\/model\/cesar-06-01#breadcrumb"},"inLanguage":"en-US","potentialAction":[{"@type":"ReadAction","target":["https:\/\/snappform.com\/en\/model\/cesar-06-01"]}]},{"@type":"ImageObject","inLanguage":"en-US","@id":"https:\/\/snappform.com\/en\/model\/cesar-06-01#primaryimage","url":"https:\/\/snappform.com\/wp-content\/uploads\/2025\/10\/Produktowe.webp","contentUrl":"https:\/\/snappform.com\/wp-content\/uploads\/2025\/10\/Produktowe.webp","width":1590,"height":1590},{"@type":"BreadcrumbList","@id":"https:\/\/snappform.com\/en\/model\/cesar-06-01#breadcrumb","itemListElement":[{"@type":"ListItem","position":1,"name":"Strona g\u0142\u00f3wna","item":"https:\/\/snappform.com\/en"},{"@type":"ListItem","position":2,"name":"Shop","item":"https:\/\/snappform.com\/en\/shop"},{"@type":"ListItem","position":3,"name":"Cesar 06.01"}]},{"@type":"WebSite","@id":"https:\/\/snappform.com\/en#website","url":"https:\/\/snappform.com\/en","name":"Ponadczasowe meble Snapp \u2013 trwa\u0142e materia\u0142y, \u015bwiadomy wyb\u00f3r","description":"","publisher":{"@id":"https:\/\/snappform.com\/en#organization"},"potentialAction":[{"@type":"SearchAction","target":{"@type":"EntryPoint","urlTemplate":"https:\/\/snappform.com\/en?s={search_term_string}"},"query-input":{"@type":"PropertyValueSpecification","valueRequired":true,"valueName":"search_term_string"}}],"inLanguage":"en-US"},{"@type":"Organization","@id":"https:\/\/snappform.com\/en#organization","name":"Snapp","url":"https:\/\/snappform.com\/en","logo":{"@type":"ImageObject","inLanguage":"en-US","@id":"https:\/\/snappform.com\/en#\/schema\/logo\/image\/","url":"https:\/\/snapp.pexstudio.pl\/wp-content\/uploads\/2025\/05\/snapp-logo.png","contentUrl":"https:\/\/snapp.pexstudio.pl\/wp-content\/uploads\/2025\/05\/snapp-logo.png","width":512,"height":512,"caption":"Snapp"},"image":{"@id":"https:\/\/snappform.com\/en#\/schema\/logo\/image\/"}}]}},"_links":{"self":[{"href":"https:\/\/snappform.com\/en\/wp-json\/wp\/v2\/product\/4621","targetHints":{"allow":["GET"]}}],"collection":[{"href":"https:\/\/snappform.com\/en\/wp-json\/wp\/v2\/product"}],"about":[{"href":"https:\/\/snappform.com\/en\/wp-json\/wp\/v2\/types\/product"}],"replies":[{"embeddable":true,"href":"https:\/\/snappform.com\/en\/wp-json\/wp\/v2\/comments?post=4621"}],"wp:featuredmedia":[{"embeddable":true,"href":"https:\/\/snappform.com\/en\/wp-json\/wp\/v2\/media\/4620"}],"wp:attachment":[{"href":"https:\/\/snappform.com\/en\/wp-json\/wp\/v2\/media?parent=4621"}],"wp:term":[{"taxonomy":"product_brand","embeddable":true,"href":"https:\/\/snappform.com\/en\/wp-json\/wp\/v2\/product_brand?post=4621"},{"taxonomy":"product_cat","embeddable":true,"href":"https:\/\/snappform.com\/en\/wp-json\/wp\/v2\/product_cat?post=4621"},{"taxonomy":"product_tag","embeddable":true,"href":"https:\/\/snappform.com\/en\/wp-json\/wp\/v2\/product_tag?post=4621"}],"curies":[{"name":"wp","href":"https:\/\/api.w.org\/{rel}","templated":true}]}}