{"id":4586,"date":"2025-10-05T21:10:16","date_gmt":"2025-10-05T19:10:16","guid":{"rendered":"https:\/\/snappform.com\/?post_type=product&#038;p=4586"},"modified":"2026-02-03T23:43:07","modified_gmt":"2026-02-03T22:43:07","slug":"jimi-01-01","status":"publish","type":"product","link":"https:\/\/snappform.com\/en\/model\/jimi-01-01","title":{"rendered":"Jimi 01.01"},"content":{"rendered":"<p>Jimi &#8211; a slim table that combines minimalism with expressive geometry. An oval top supported by a vertical screen with a distinctive semicircular support creates a light, architectural form &#8211; perfect for putting down a cup, book or remote control without taking up space on the top of the main table.<\/p>\n<p>Available in lacquered oak and lacquered oak in red brown, blue, dark navy and blue. The slender base easily &#8220;slides&#8221; under the sofa or armchair, and the curved edges add softness and security. It is an elegant helper that discreetly organizes the rest area and emphasizes the character of the interior.<\/p>\n","protected":false},"excerpt":{"rendered":"<p>Jimi &#8211; a slim table that combines minimalism with expressive geometry. An oval top supported by a vertical screen with a distinctive semicircular support creates a light, architectural form &#8211; perfect for putting down a cup, book or remote control without taking up space on the top of the main table. Available in lacquered oak [&hellip;]<\/p>\n","protected":false},"featured_media":4585,"comment_status":"closed","ping_status":"closed","template":"","meta":[],"product_brand":[],"product_cat":[88],"product_tag":[],"class_list":{"0":"post-4586","1":"product","2":"type-product","3":"status-publish","4":"has-post-thumbnail","6":"product_cat-side-table","8":"first","9":"instock","10":"shipping-taxable","11":"purchasable","12":"product-type-variable","13":"has-default-attributes"},"yoast_head":"<!-- This site is optimized with the Yoast SEO plugin v27.0 - https:\/\/yoast.com\/product\/yoast-seo-wordpress\/ -->\n<title>Jimi - a slim table that combines minimalism with geometry<\/title>\n<meta name=\"description\" content=\"Jimi - a slim table that combines minimalism with expressive geometry. Available in lacquered oak and lacquered ash in red brown, blue, dark navy and blue.\" \/>\n<meta name=\"robots\" content=\"index, follow, max-snippet:-1, max-image-preview:large, max-video-preview:-1\" \/>\n<link rel=\"canonical\" href=\"https:\/\/snappform.com\/en\/model\/jimi-01-01\" \/>\n<meta property=\"og:locale\" content=\"en_US\" \/>\n<meta property=\"og:type\" content=\"article\" \/>\n<meta property=\"og:title\" content=\"Jimi - a slim table that combines minimalism with geometry\" \/>\n<meta property=\"og:description\" content=\"Jimi - a slim table that combines minimalism with expressive geometry. Available in lacquered oak and lacquered ash in red brown, blue, dark navy and blue.\" \/>\n<meta property=\"og:url\" content=\"https:\/\/snappform.com\/en\/model\/jimi-01-01\" \/>\n<meta property=\"og:site_name\" content=\"Ponadczasowe meble Snapp \u2013 trwa\u0142e materia\u0142y, \u015bwiadomy wyb\u00f3r\" \/>\n<meta property=\"article:modified_time\" content=\"2026-02-03T22:43:07+00:00\" \/>\n<meta property=\"og:image\" content=\"https:\/\/snappform.com\/wp-content\/uploads\/2025\/10\/Jimi-01.01-RAL-7032.webp\" \/>\n\t<meta property=\"og:image:width\" content=\"1590\" \/>\n\t<meta property=\"og:image:height\" content=\"1590\" \/>\n\t<meta property=\"og:image:type\" content=\"image\/webp\" \/>\n<meta name=\"twitter:card\" content=\"summary_large_image\" \/>\n<meta name=\"twitter:label1\" content=\"Est. reading time\" \/>\n\t<meta name=\"twitter:data1\" content=\"1 minute\" \/>\n<script type=\"application\/ld+json\" class=\"yoast-schema-graph\">{\"@context\":\"https:\/\/schema.org\",\"@graph\":[{\"@type\":\"WebPage\",\"@id\":\"https:\/\/snappform.com\/en\/model\/jimi-01-01\",\"url\":\"https:\/\/snappform.com\/en\/model\/jimi-01-01\",\"name\":\"Jimi - a slim table that combines minimalism with geometry\",\"isPartOf\":{\"@id\":\"https:\/\/snappform.com\/en#website\"},\"primaryImageOfPage\":{\"@id\":\"https:\/\/snappform.com\/en\/model\/jimi-01-01#primaryimage\"},\"image\":{\"@id\":\"https:\/\/snappform.com\/en\/model\/jimi-01-01#primaryimage\"},\"thumbnailUrl\":\"https:\/\/snappform.com\/wp-content\/uploads\/2025\/10\/Jimi-01.01-RAL-7032.webp\",\"datePublished\":\"2025-10-05T19:10:16+00:00\",\"dateModified\":\"2026-02-03T22:43:07+00:00\",\"description\":\"Jimi - a slim table that combines minimalism with expressive geometry. Available in lacquered oak and lacquered ash in red brown, blue, dark navy and blue.\",\"breadcrumb\":{\"@id\":\"https:\/\/snappform.com\/en\/model\/jimi-01-01#breadcrumb\"},\"inLanguage\":\"en-US\",\"potentialAction\":[{\"@type\":\"ReadAction\",\"target\":[\"https:\/\/snappform.com\/en\/model\/jimi-01-01\"]}]},{\"@type\":\"ImageObject\",\"inLanguage\":\"en-US\",\"@id\":\"https:\/\/snappform.com\/en\/model\/jimi-01-01#primaryimage\",\"url\":\"https:\/\/snappform.com\/wp-content\/uploads\/2025\/10\/Jimi-01.01-RAL-7032.webp\",\"contentUrl\":\"https:\/\/snappform.com\/wp-content\/uploads\/2025\/10\/Jimi-01.01-RAL-7032.webp\",\"width\":1590,\"height\":1590},{\"@type\":\"BreadcrumbList\",\"@id\":\"https:\/\/snappform.com\/en\/model\/jimi-01-01#breadcrumb\",\"itemListElement\":[{\"@type\":\"ListItem\",\"position\":1,\"name\":\"Strona g\u0142\u00f3wna\",\"item\":\"https:\/\/snappform.com\/en\"},{\"@type\":\"ListItem\",\"position\":2,\"name\":\"Shop\",\"item\":\"https:\/\/snappform.com\/en\/shop\"},{\"@type\":\"ListItem\",\"position\":3,\"name\":\"Jimi 01.01\"}]},{\"@type\":\"WebSite\",\"@id\":\"https:\/\/snappform.com\/en#website\",\"url\":\"https:\/\/snappform.com\/en\",\"name\":\"Ponadczasowe meble Snapp \u2013 trwa\u0142e materia\u0142y, \u015bwiadomy wyb\u00f3r\",\"description\":\"\",\"publisher\":{\"@id\":\"https:\/\/snappform.com\/en#organization\"},\"potentialAction\":[{\"@type\":\"SearchAction\",\"target\":{\"@type\":\"EntryPoint\",\"urlTemplate\":\"https:\/\/snappform.com\/en?s={search_term_string}\"},\"query-input\":{\"@type\":\"PropertyValueSpecification\",\"valueRequired\":true,\"valueName\":\"search_term_string\"}}],\"inLanguage\":\"en-US\"},{\"@type\":\"Organization\",\"@id\":\"https:\/\/snappform.com\/en#organization\",\"name\":\"Snapp\",\"url\":\"https:\/\/snappform.com\/en\",\"logo\":{\"@type\":\"ImageObject\",\"inLanguage\":\"en-US\",\"@id\":\"https:\/\/snappform.com\/en#\/schema\/logo\/image\/\",\"url\":\"https:\/\/snapp.pexstudio.pl\/wp-content\/uploads\/2025\/05\/snapp-logo.png\",\"contentUrl\":\"https:\/\/snapp.pexstudio.pl\/wp-content\/uploads\/2025\/05\/snapp-logo.png\",\"width\":512,\"height\":512,\"caption\":\"Snapp\"},\"image\":{\"@id\":\"https:\/\/snappform.com\/en#\/schema\/logo\/image\/\"}}]}<\/script>\n<!-- \/ Yoast SEO plugin. -->","yoast_head_json":{"title":"Jimi - a slim table that combines minimalism with geometry","description":"Jimi - a slim table that combines minimalism with expressive geometry. Available in lacquered oak and lacquered ash in red brown, blue, dark navy and blue.","robots":{"index":"index","follow":"follow","max-snippet":"max-snippet:-1","max-image-preview":"max-image-preview:large","max-video-preview":"max-video-preview:-1"},"canonical":"https:\/\/snappform.com\/en\/model\/jimi-01-01","og_locale":"en_US","og_type":"article","og_title":"Jimi - a slim table that combines minimalism with geometry","og_description":"Jimi - a slim table that combines minimalism with expressive geometry. Available in lacquered oak and lacquered ash in red brown, blue, dark navy and blue.","og_url":"https:\/\/snappform.com\/en\/model\/jimi-01-01","og_site_name":"Ponadczasowe meble Snapp \u2013 trwa\u0142e materia\u0142y, \u015bwiadomy wyb\u00f3r","article_modified_time":"2026-02-03T22:43:07+00:00","og_image":[{"width":1590,"height":1590,"url":"https:\/\/snappform.com\/wp-content\/uploads\/2025\/10\/Jimi-01.01-RAL-7032.webp","type":"image\/webp"}],"twitter_card":"summary_large_image","twitter_misc":{"Est. reading time":"1 minute"},"schema":{"@context":"https:\/\/schema.org","@graph":[{"@type":"WebPage","@id":"https:\/\/snappform.com\/en\/model\/jimi-01-01","url":"https:\/\/snappform.com\/en\/model\/jimi-01-01","name":"Jimi - a slim table that combines minimalism with geometry","isPartOf":{"@id":"https:\/\/snappform.com\/en#website"},"primaryImageOfPage":{"@id":"https:\/\/snappform.com\/en\/model\/jimi-01-01#primaryimage"},"image":{"@id":"https:\/\/snappform.com\/en\/model\/jimi-01-01#primaryimage"},"thumbnailUrl":"https:\/\/snappform.com\/wp-content\/uploads\/2025\/10\/Jimi-01.01-RAL-7032.webp","datePublished":"2025-10-05T19:10:16+00:00","dateModified":"2026-02-03T22:43:07+00:00","description":"Jimi - a slim table that combines minimalism with expressive geometry. Available in lacquered oak and lacquered ash in red brown, blue, dark navy and blue.","breadcrumb":{"@id":"https:\/\/snappform.com\/en\/model\/jimi-01-01#breadcrumb"},"inLanguage":"en-US","potentialAction":[{"@type":"ReadAction","target":["https:\/\/snappform.com\/en\/model\/jimi-01-01"]}]},{"@type":"ImageObject","inLanguage":"en-US","@id":"https:\/\/snappform.com\/en\/model\/jimi-01-01#primaryimage","url":"https:\/\/snappform.com\/wp-content\/uploads\/2025\/10\/Jimi-01.01-RAL-7032.webp","contentUrl":"https:\/\/snappform.com\/wp-content\/uploads\/2025\/10\/Jimi-01.01-RAL-7032.webp","width":1590,"height":1590},{"@type":"BreadcrumbList","@id":"https:\/\/snappform.com\/en\/model\/jimi-01-01#breadcrumb","itemListElement":[{"@type":"ListItem","position":1,"name":"Strona g\u0142\u00f3wna","item":"https:\/\/snappform.com\/en"},{"@type":"ListItem","position":2,"name":"Shop","item":"https:\/\/snappform.com\/en\/shop"},{"@type":"ListItem","position":3,"name":"Jimi 01.01"}]},{"@type":"WebSite","@id":"https:\/\/snappform.com\/en#website","url":"https:\/\/snappform.com\/en","name":"Ponadczasowe meble Snapp \u2013 trwa\u0142e materia\u0142y, \u015bwiadomy wyb\u00f3r","description":"","publisher":{"@id":"https:\/\/snappform.com\/en#organization"},"potentialAction":[{"@type":"SearchAction","target":{"@type":"EntryPoint","urlTemplate":"https:\/\/snappform.com\/en?s={search_term_string}"},"query-input":{"@type":"PropertyValueSpecification","valueRequired":true,"valueName":"search_term_string"}}],"inLanguage":"en-US"},{"@type":"Organization","@id":"https:\/\/snappform.com\/en#organization","name":"Snapp","url":"https:\/\/snappform.com\/en","logo":{"@type":"ImageObject","inLanguage":"en-US","@id":"https:\/\/snappform.com\/en#\/schema\/logo\/image\/","url":"https:\/\/snapp.pexstudio.pl\/wp-content\/uploads\/2025\/05\/snapp-logo.png","contentUrl":"https:\/\/snapp.pexstudio.pl\/wp-content\/uploads\/2025\/05\/snapp-logo.png","width":512,"height":512,"caption":"Snapp"},"image":{"@id":"https:\/\/snappform.com\/en#\/schema\/logo\/image\/"}}]}},"_links":{"self":[{"href":"https:\/\/snappform.com\/en\/wp-json\/wp\/v2\/product\/4586","targetHints":{"allow":["GET"]}}],"collection":[{"href":"https:\/\/snappform.com\/en\/wp-json\/wp\/v2\/product"}],"about":[{"href":"https:\/\/snappform.com\/en\/wp-json\/wp\/v2\/types\/product"}],"replies":[{"embeddable":true,"href":"https:\/\/snappform.com\/en\/wp-json\/wp\/v2\/comments?post=4586"}],"wp:featuredmedia":[{"embeddable":true,"href":"https:\/\/snappform.com\/en\/wp-json\/wp\/v2\/media\/4585"}],"wp:attachment":[{"href":"https:\/\/snappform.com\/en\/wp-json\/wp\/v2\/media?parent=4586"}],"wp:term":[{"taxonomy":"product_brand","embeddable":true,"href":"https:\/\/snappform.com\/en\/wp-json\/wp\/v2\/product_brand?post=4586"},{"taxonomy":"product_cat","embeddable":true,"href":"https:\/\/snappform.com\/en\/wp-json\/wp\/v2\/product_cat?post=4586"},{"taxonomy":"product_tag","embeddable":true,"href":"https:\/\/snappform.com\/en\/wp-json\/wp\/v2\/product_tag?post=4586"}],"curies":[{"name":"wp","href":"https:\/\/api.w.org\/{rel}","templated":true}]}}