{"id":4389,"date":"2025-09-22T21:45:07","date_gmt":"2025-09-22T19:45:07","guid":{"rendered":"https:\/\/snappform.com\/model\/aras-03"},"modified":"2026-01-08T21:51:56","modified_gmt":"2026-01-08T20:51:56","slug":"aras-solid-wood-table","status":"publish","type":"product","link":"https:\/\/snappform.com\/en\/model\/aras-solid-wood-table","title":{"rendered":"Aras 03"},"content":{"rendered":"<h1 data-start=\"0\" data-end=\"42\"><strong data-start=\"0\" data-end=\"42\">Everyday comfort, timeless aesthetics.<\/strong><\/h1>\n<p data-start=\"44\" data-end=\"229\">Aras \u2013 solid wood table that combines functionality with a clean form. The non-extendable top gives a sense of lightness, while the solid base guarantees uncompromising stability.<\/p>\n<p data-start=\"231\" data-end=\"452\">Subtly chamfered edges and a uniform tabletop surface emphasize the quality of workmanship. The model is available in three practical sizes, making it easy to choose a variant for the kitchen, dining room, or living area.<\/p>\n<p data-start=\"454\" data-end=\"542\">A neutral, timeless aesthetic makes Aras a cohesive match with most chairs and lighting.<\/p>\n","protected":false},"excerpt":{"rendered":"<p>Everyday comfort, timeless aesthetics. Aras \u2013 solid wood table that combines functionality with a clean form. The non-extendable top gives a sense of lightness, while the solid base guarantees uncompromising stability. Subtly chamfered edges and a uniform tabletop surface emphasize the quality of workmanship. The model is available in three practical sizes, making it easy [&hellip;]<\/p>\n","protected":false},"featured_media":4388,"comment_status":"closed","ping_status":"closed","template":"","meta":[],"product_brand":[],"product_cat":[90],"product_tag":[],"class_list":{"0":"post-4389","1":"product","2":"type-product","3":"status-publish","4":"has-post-thumbnail","6":"product_cat-tables","8":"first","9":"instock","10":"shipping-taxable","11":"purchasable","12":"product-type-variable","13":"has-default-attributes"},"yoast_head":"<!-- This site is optimized with the Yoast SEO plugin v27.0 - https:\/\/yoast.com\/product\/yoast-seo-wordpress\/ -->\n<title>Aras - solid wood table<\/title>\n<meta name=\"description\" content=\"Aras- solid wood table combines a clean form with everyday convenience. Three practical sizes let you adapt the table tothe kitchen, dining room, workspace.\" \/>\n<meta name=\"robots\" content=\"index, follow, max-snippet:-1, max-image-preview:large, max-video-preview:-1\" \/>\n<link rel=\"canonical\" href=\"https:\/\/snappform.com\/en\/model\/aras-solid-wood-table\" \/>\n<meta property=\"og:locale\" content=\"en_US\" \/>\n<meta property=\"og:type\" content=\"article\" \/>\n<meta property=\"og:title\" content=\"Aras - solid wood table\" \/>\n<meta property=\"og:description\" content=\"Aras- solid wood table combines a clean form with everyday convenience. Three practical sizes let you adapt the table tothe kitchen, dining room, workspace.\" \/>\n<meta property=\"og:url\" content=\"https:\/\/snappform.com\/en\/model\/aras-solid-wood-table\" \/>\n<meta property=\"og:site_name\" content=\"Ponadczasowe meble Snapp \u2013 trwa\u0142e materia\u0142y, \u015bwiadomy wyb\u00f3r\" \/>\n<meta property=\"article:modified_time\" content=\"2026-01-08T20:51:56+00:00\" \/>\n<meta property=\"og:image\" content=\"https:\/\/snappform.com\/wp-content\/uploads\/2025\/09\/Alas-03.01-oak.webp\" \/>\n\t<meta property=\"og:image:width\" content=\"1590\" \/>\n\t<meta property=\"og:image:height\" content=\"1590\" \/>\n\t<meta property=\"og:image:type\" content=\"image\/webp\" \/>\n<meta name=\"twitter:card\" content=\"summary_large_image\" \/>\n<meta name=\"twitter:label1\" content=\"Est. reading time\" \/>\n\t<meta name=\"twitter:data1\" content=\"1 minute\" \/>\n<script type=\"application\/ld+json\" class=\"yoast-schema-graph\">{\"@context\":\"https:\/\/schema.org\",\"@graph\":[{\"@type\":\"WebPage\",\"@id\":\"https:\/\/snappform.com\/en\/model\/aras-solid-wood-table\",\"url\":\"https:\/\/snappform.com\/en\/model\/aras-solid-wood-table\",\"name\":\"Aras - solid wood table\",\"isPartOf\":{\"@id\":\"https:\/\/snappform.com\/en#website\"},\"primaryImageOfPage\":{\"@id\":\"https:\/\/snappform.com\/en\/model\/aras-solid-wood-table#primaryimage\"},\"image\":{\"@id\":\"https:\/\/snappform.com\/en\/model\/aras-solid-wood-table#primaryimage\"},\"thumbnailUrl\":\"https:\/\/snappform.com\/wp-content\/uploads\/2025\/09\/Alas-03.01-oak.webp\",\"datePublished\":\"2025-09-22T19:45:07+00:00\",\"dateModified\":\"2026-01-08T20:51:56+00:00\",\"description\":\"Aras- solid wood table combines a clean form with everyday convenience. Three practical sizes let you adapt the table tothe kitchen, dining room, workspace.\",\"breadcrumb\":{\"@id\":\"https:\/\/snappform.com\/en\/model\/aras-solid-wood-table#breadcrumb\"},\"inLanguage\":\"en-US\",\"potentialAction\":[{\"@type\":\"ReadAction\",\"target\":[\"https:\/\/snappform.com\/en\/model\/aras-solid-wood-table\"]}]},{\"@type\":\"ImageObject\",\"inLanguage\":\"en-US\",\"@id\":\"https:\/\/snappform.com\/en\/model\/aras-solid-wood-table#primaryimage\",\"url\":\"https:\/\/snappform.com\/wp-content\/uploads\/2025\/09\/Alas-03.01-oak.webp\",\"contentUrl\":\"https:\/\/snappform.com\/wp-content\/uploads\/2025\/09\/Alas-03.01-oak.webp\",\"width\":1590,\"height\":1590},{\"@type\":\"BreadcrumbList\",\"@id\":\"https:\/\/snappform.com\/en\/model\/aras-solid-wood-table#breadcrumb\",\"itemListElement\":[{\"@type\":\"ListItem\",\"position\":1,\"name\":\"Strona g\u0142\u00f3wna\",\"item\":\"https:\/\/snappform.com\/en\"},{\"@type\":\"ListItem\",\"position\":2,\"name\":\"Shop\",\"item\":\"https:\/\/snappform.com\/en\/shop\"},{\"@type\":\"ListItem\",\"position\":3,\"name\":\"Aras 03\"}]},{\"@type\":\"WebSite\",\"@id\":\"https:\/\/snappform.com\/en#website\",\"url\":\"https:\/\/snappform.com\/en\",\"name\":\"Ponadczasowe meble Snapp \u2013 trwa\u0142e materia\u0142y, \u015bwiadomy wyb\u00f3r\",\"description\":\"\",\"publisher\":{\"@id\":\"https:\/\/snappform.com\/en#organization\"},\"potentialAction\":[{\"@type\":\"SearchAction\",\"target\":{\"@type\":\"EntryPoint\",\"urlTemplate\":\"https:\/\/snappform.com\/en?s={search_term_string}\"},\"query-input\":{\"@type\":\"PropertyValueSpecification\",\"valueRequired\":true,\"valueName\":\"search_term_string\"}}],\"inLanguage\":\"en-US\"},{\"@type\":\"Organization\",\"@id\":\"https:\/\/snappform.com\/en#organization\",\"name\":\"Snapp\",\"url\":\"https:\/\/snappform.com\/en\",\"logo\":{\"@type\":\"ImageObject\",\"inLanguage\":\"en-US\",\"@id\":\"https:\/\/snappform.com\/en#\/schema\/logo\/image\/\",\"url\":\"https:\/\/snapp.pexstudio.pl\/wp-content\/uploads\/2025\/05\/snapp-logo.png\",\"contentUrl\":\"https:\/\/snapp.pexstudio.pl\/wp-content\/uploads\/2025\/05\/snapp-logo.png\",\"width\":512,\"height\":512,\"caption\":\"Snapp\"},\"image\":{\"@id\":\"https:\/\/snappform.com\/en#\/schema\/logo\/image\/\"}}]}<\/script>\n<!-- \/ Yoast SEO plugin. -->","yoast_head_json":{"title":"Aras - solid wood table","description":"Aras- solid wood table combines a clean form with everyday convenience. Three practical sizes let you adapt the table tothe kitchen, dining room, workspace.","robots":{"index":"index","follow":"follow","max-snippet":"max-snippet:-1","max-image-preview":"max-image-preview:large","max-video-preview":"max-video-preview:-1"},"canonical":"https:\/\/snappform.com\/en\/model\/aras-solid-wood-table","og_locale":"en_US","og_type":"article","og_title":"Aras - solid wood table","og_description":"Aras- solid wood table combines a clean form with everyday convenience. Three practical sizes let you adapt the table tothe kitchen, dining room, workspace.","og_url":"https:\/\/snappform.com\/en\/model\/aras-solid-wood-table","og_site_name":"Ponadczasowe meble Snapp \u2013 trwa\u0142e materia\u0142y, \u015bwiadomy wyb\u00f3r","article_modified_time":"2026-01-08T20:51:56+00:00","og_image":[{"width":1590,"height":1590,"url":"https:\/\/snappform.com\/wp-content\/uploads\/2025\/09\/Alas-03.01-oak.webp","type":"image\/webp"}],"twitter_card":"summary_large_image","twitter_misc":{"Est. reading time":"1 minute"},"schema":{"@context":"https:\/\/schema.org","@graph":[{"@type":"WebPage","@id":"https:\/\/snappform.com\/en\/model\/aras-solid-wood-table","url":"https:\/\/snappform.com\/en\/model\/aras-solid-wood-table","name":"Aras - solid wood table","isPartOf":{"@id":"https:\/\/snappform.com\/en#website"},"primaryImageOfPage":{"@id":"https:\/\/snappform.com\/en\/model\/aras-solid-wood-table#primaryimage"},"image":{"@id":"https:\/\/snappform.com\/en\/model\/aras-solid-wood-table#primaryimage"},"thumbnailUrl":"https:\/\/snappform.com\/wp-content\/uploads\/2025\/09\/Alas-03.01-oak.webp","datePublished":"2025-09-22T19:45:07+00:00","dateModified":"2026-01-08T20:51:56+00:00","description":"Aras- solid wood table combines a clean form with everyday convenience. Three practical sizes let you adapt the table tothe kitchen, dining room, workspace.","breadcrumb":{"@id":"https:\/\/snappform.com\/en\/model\/aras-solid-wood-table#breadcrumb"},"inLanguage":"en-US","potentialAction":[{"@type":"ReadAction","target":["https:\/\/snappform.com\/en\/model\/aras-solid-wood-table"]}]},{"@type":"ImageObject","inLanguage":"en-US","@id":"https:\/\/snappform.com\/en\/model\/aras-solid-wood-table#primaryimage","url":"https:\/\/snappform.com\/wp-content\/uploads\/2025\/09\/Alas-03.01-oak.webp","contentUrl":"https:\/\/snappform.com\/wp-content\/uploads\/2025\/09\/Alas-03.01-oak.webp","width":1590,"height":1590},{"@type":"BreadcrumbList","@id":"https:\/\/snappform.com\/en\/model\/aras-solid-wood-table#breadcrumb","itemListElement":[{"@type":"ListItem","position":1,"name":"Strona g\u0142\u00f3wna","item":"https:\/\/snappform.com\/en"},{"@type":"ListItem","position":2,"name":"Shop","item":"https:\/\/snappform.com\/en\/shop"},{"@type":"ListItem","position":3,"name":"Aras 03"}]},{"@type":"WebSite","@id":"https:\/\/snappform.com\/en#website","url":"https:\/\/snappform.com\/en","name":"Ponadczasowe meble Snapp \u2013 trwa\u0142e materia\u0142y, \u015bwiadomy wyb\u00f3r","description":"","publisher":{"@id":"https:\/\/snappform.com\/en#organization"},"potentialAction":[{"@type":"SearchAction","target":{"@type":"EntryPoint","urlTemplate":"https:\/\/snappform.com\/en?s={search_term_string}"},"query-input":{"@type":"PropertyValueSpecification","valueRequired":true,"valueName":"search_term_string"}}],"inLanguage":"en-US"},{"@type":"Organization","@id":"https:\/\/snappform.com\/en#organization","name":"Snapp","url":"https:\/\/snappform.com\/en","logo":{"@type":"ImageObject","inLanguage":"en-US","@id":"https:\/\/snappform.com\/en#\/schema\/logo\/image\/","url":"https:\/\/snapp.pexstudio.pl\/wp-content\/uploads\/2025\/05\/snapp-logo.png","contentUrl":"https:\/\/snapp.pexstudio.pl\/wp-content\/uploads\/2025\/05\/snapp-logo.png","width":512,"height":512,"caption":"Snapp"},"image":{"@id":"https:\/\/snappform.com\/en#\/schema\/logo\/image\/"}}]}},"_links":{"self":[{"href":"https:\/\/snappform.com\/en\/wp-json\/wp\/v2\/product\/4389","targetHints":{"allow":["GET"]}}],"collection":[{"href":"https:\/\/snappform.com\/en\/wp-json\/wp\/v2\/product"}],"about":[{"href":"https:\/\/snappform.com\/en\/wp-json\/wp\/v2\/types\/product"}],"replies":[{"embeddable":true,"href":"https:\/\/snappform.com\/en\/wp-json\/wp\/v2\/comments?post=4389"}],"wp:featuredmedia":[{"embeddable":true,"href":"https:\/\/snappform.com\/en\/wp-json\/wp\/v2\/media\/4388"}],"wp:attachment":[{"href":"https:\/\/snappform.com\/en\/wp-json\/wp\/v2\/media?parent=4389"}],"wp:term":[{"taxonomy":"product_brand","embeddable":true,"href":"https:\/\/snappform.com\/en\/wp-json\/wp\/v2\/product_brand?post=4389"},{"taxonomy":"product_cat","embeddable":true,"href":"https:\/\/snappform.com\/en\/wp-json\/wp\/v2\/product_cat?post=4389"},{"taxonomy":"product_tag","embeddable":true,"href":"https:\/\/snappform.com\/en\/wp-json\/wp\/v2\/product_tag?post=4389"}],"curies":[{"name":"wp","href":"https:\/\/api.w.org\/{rel}","templated":true}]}}