{"id":4364,"date":"2025-05-05T09:41:22","date_gmt":"2025-05-05T07:41:22","guid":{"rendered":"https:\/\/snappform.com\/model\/solis-03"},"modified":"2026-01-08T21:50:17","modified_gmt":"2026-01-08T20:50:17","slug":"solis-03","status":"publish","type":"product","link":"https:\/\/snappform.com\/en\/model\/solis-03","title":{"rendered":"Solis 03"},"content":{"rendered":"<p>Solis 03 is a large, elegant and functional table that harmoniously combines timeless design with exceptional durability and craftsmanship.<br \/>\nMade of high-quality natural wood &#8211; your choice of oak or walnut &#8211; it offers durability and a refined finish that enhances the character of any interior. Available in two size variants, Solis 03.01 is ideally suited to both spacious living rooms and more intimate dining rooms.<br \/>\nCarefully balanced proportions and a subtle geometric form make the table a natural center of everyday life &#8211; a place for meetings, conversations and relationship building. Solis 03.01 is more than a table &#8211; it combines aesthetics, functionality and timeless quality. It is a conscious choice for years to come, which you can take care of by choosing <a href=\"https:\/\/snappform.com\/en\/relife\">snapp relife<\/a> service.<\/p>\n","protected":false},"excerpt":{"rendered":"<p>Solis 03 is a large, elegant and functional table that harmoniously combines timeless design with exceptional durability and craftsmanship. Made of high-quality natural wood &#8211; your choice of oak or walnut &#8211; it offers durability and a refined finish that enhances the character of any interior. Available in two size variants, Solis 03.01 is ideally [&hellip;]<\/p>\n","protected":false},"featured_media":2345,"comment_status":"open","ping_status":"closed","template":"","meta":[],"product_brand":[],"product_cat":[90,87],"product_tag":[],"class_list":{"0":"post-4364","1":"product","2":"type-product","3":"status-publish","4":"has-post-thumbnail","6":"product_cat-tables","7":"product_cat-collections","9":"first","10":"instock","11":"shipping-taxable","12":"purchasable","13":"product-type-variable","14":"has-default-attributes"},"yoast_head":"<!-- This site is optimized with the Yoast SEO plugin v27.0 - https:\/\/yoast.com\/product\/yoast-seo-wordpress\/ -->\n<title>Solis 03 - modern table made of natural oak or walnut wood<\/title>\n<meta name=\"description\" content=\"Choose the Solis 03.01 table in oak or walnut wood. Minimalist design, durability and two sizes ideal for modern interiors.\" \/>\n<meta name=\"robots\" content=\"index, follow, max-snippet:-1, max-image-preview:large, max-video-preview:-1\" \/>\n<link rel=\"canonical\" href=\"https:\/\/snappform.com\/en\/model\/solis-03\" \/>\n<meta property=\"og:locale\" content=\"en_US\" \/>\n<meta property=\"og:type\" content=\"article\" \/>\n<meta property=\"og:title\" content=\"Solis 03 - modern table made of natural oak or walnut wood\" \/>\n<meta property=\"og:description\" content=\"Choose the Solis 03.01 table in oak or walnut wood. Minimalist design, durability and two sizes ideal for modern interiors.\" \/>\n<meta property=\"og:url\" content=\"https:\/\/snappform.com\/en\/model\/solis-03\" \/>\n<meta property=\"og:site_name\" content=\"Ponadczasowe meble Snapp \u2013 trwa\u0142e materia\u0142y, \u015bwiadomy wyb\u00f3r\" \/>\n<meta property=\"article:modified_time\" content=\"2026-01-08T20:50:17+00:00\" \/>\n<meta property=\"og:image\" content=\"https:\/\/snappform.com\/wp-content\/uploads\/2025\/05\/Solis-03-orzech-scaled.webp\" \/>\n\t<meta property=\"og:image:width\" content=\"2560\" \/>\n\t<meta property=\"og:image:height\" content=\"2560\" \/>\n\t<meta property=\"og:image:type\" content=\"image\/webp\" \/>\n<meta name=\"twitter:card\" content=\"summary_large_image\" \/>\n<meta name=\"twitter:label1\" content=\"Est. reading time\" \/>\n\t<meta name=\"twitter:data1\" content=\"1 minute\" \/>\n<script type=\"application\/ld+json\" class=\"yoast-schema-graph\">{\"@context\":\"https:\/\/schema.org\",\"@graph\":[{\"@type\":\"WebPage\",\"@id\":\"https:\/\/snappform.com\/en\/model\/solis-03\",\"url\":\"https:\/\/snappform.com\/en\/model\/solis-03\",\"name\":\"Solis 03 - modern table made of natural oak or walnut wood\",\"isPartOf\":{\"@id\":\"https:\/\/snappform.com\/en#website\"},\"primaryImageOfPage\":{\"@id\":\"https:\/\/snappform.com\/en\/model\/solis-03#primaryimage\"},\"image\":{\"@id\":\"https:\/\/snappform.com\/en\/model\/solis-03#primaryimage\"},\"thumbnailUrl\":\"https:\/\/snappform.com\/wp-content\/uploads\/2025\/05\/Solis-03-orzech-scaled.webp\",\"datePublished\":\"2025-05-05T07:41:22+00:00\",\"dateModified\":\"2026-01-08T20:50:17+00:00\",\"description\":\"Choose the Solis 03.01 table in oak or walnut wood. Minimalist design, durability and two sizes ideal for modern interiors.\",\"breadcrumb\":{\"@id\":\"https:\/\/snappform.com\/en\/model\/solis-03#breadcrumb\"},\"inLanguage\":\"en-US\",\"potentialAction\":[{\"@type\":\"ReadAction\",\"target\":[\"https:\/\/snappform.com\/en\/model\/solis-03\"]}]},{\"@type\":\"ImageObject\",\"inLanguage\":\"en-US\",\"@id\":\"https:\/\/snappform.com\/en\/model\/solis-03#primaryimage\",\"url\":\"https:\/\/snappform.com\/wp-content\/uploads\/2025\/05\/Solis-03-orzech-scaled.webp\",\"contentUrl\":\"https:\/\/snappform.com\/wp-content\/uploads\/2025\/05\/Solis-03-orzech-scaled.webp\",\"width\":2560,\"height\":2560},{\"@type\":\"BreadcrumbList\",\"@id\":\"https:\/\/snappform.com\/en\/model\/solis-03#breadcrumb\",\"itemListElement\":[{\"@type\":\"ListItem\",\"position\":1,\"name\":\"Strona g\u0142\u00f3wna\",\"item\":\"https:\/\/snappform.com\/en\"},{\"@type\":\"ListItem\",\"position\":2,\"name\":\"Shop\",\"item\":\"https:\/\/snappform.com\/en\/shop\"},{\"@type\":\"ListItem\",\"position\":3,\"name\":\"Solis 03\"}]},{\"@type\":\"WebSite\",\"@id\":\"https:\/\/snappform.com\/en#website\",\"url\":\"https:\/\/snappform.com\/en\",\"name\":\"Ponadczasowe meble Snapp \u2013 trwa\u0142e materia\u0142y, \u015bwiadomy wyb\u00f3r\",\"description\":\"\",\"publisher\":{\"@id\":\"https:\/\/snappform.com\/en#organization\"},\"potentialAction\":[{\"@type\":\"SearchAction\",\"target\":{\"@type\":\"EntryPoint\",\"urlTemplate\":\"https:\/\/snappform.com\/en?s={search_term_string}\"},\"query-input\":{\"@type\":\"PropertyValueSpecification\",\"valueRequired\":true,\"valueName\":\"search_term_string\"}}],\"inLanguage\":\"en-US\"},{\"@type\":\"Organization\",\"@id\":\"https:\/\/snappform.com\/en#organization\",\"name\":\"Snapp\",\"url\":\"https:\/\/snappform.com\/en\",\"logo\":{\"@type\":\"ImageObject\",\"inLanguage\":\"en-US\",\"@id\":\"https:\/\/snappform.com\/en#\/schema\/logo\/image\/\",\"url\":\"https:\/\/snapp.pexstudio.pl\/wp-content\/uploads\/2025\/05\/snapp-logo.png\",\"contentUrl\":\"https:\/\/snapp.pexstudio.pl\/wp-content\/uploads\/2025\/05\/snapp-logo.png\",\"width\":512,\"height\":512,\"caption\":\"Snapp\"},\"image\":{\"@id\":\"https:\/\/snappform.com\/en#\/schema\/logo\/image\/\"}}]}<\/script>\n<!-- \/ Yoast SEO plugin. -->","yoast_head_json":{"title":"Solis 03 - modern table made of natural oak or walnut wood","description":"Choose the Solis 03.01 table in oak or walnut wood. Minimalist design, durability and two sizes ideal for modern interiors.","robots":{"index":"index","follow":"follow","max-snippet":"max-snippet:-1","max-image-preview":"max-image-preview:large","max-video-preview":"max-video-preview:-1"},"canonical":"https:\/\/snappform.com\/en\/model\/solis-03","og_locale":"en_US","og_type":"article","og_title":"Solis 03 - modern table made of natural oak or walnut wood","og_description":"Choose the Solis 03.01 table in oak or walnut wood. Minimalist design, durability and two sizes ideal for modern interiors.","og_url":"https:\/\/snappform.com\/en\/model\/solis-03","og_site_name":"Ponadczasowe meble Snapp \u2013 trwa\u0142e materia\u0142y, \u015bwiadomy wyb\u00f3r","article_modified_time":"2026-01-08T20:50:17+00:00","og_image":[{"width":2560,"height":2560,"url":"https:\/\/snappform.com\/wp-content\/uploads\/2025\/05\/Solis-03-orzech-scaled.webp","type":"image\/webp"}],"twitter_card":"summary_large_image","twitter_misc":{"Est. reading time":"1 minute"},"schema":{"@context":"https:\/\/schema.org","@graph":[{"@type":"WebPage","@id":"https:\/\/snappform.com\/en\/model\/solis-03","url":"https:\/\/snappform.com\/en\/model\/solis-03","name":"Solis 03 - modern table made of natural oak or walnut wood","isPartOf":{"@id":"https:\/\/snappform.com\/en#website"},"primaryImageOfPage":{"@id":"https:\/\/snappform.com\/en\/model\/solis-03#primaryimage"},"image":{"@id":"https:\/\/snappform.com\/en\/model\/solis-03#primaryimage"},"thumbnailUrl":"https:\/\/snappform.com\/wp-content\/uploads\/2025\/05\/Solis-03-orzech-scaled.webp","datePublished":"2025-05-05T07:41:22+00:00","dateModified":"2026-01-08T20:50:17+00:00","description":"Choose the Solis 03.01 table in oak or walnut wood. Minimalist design, durability and two sizes ideal for modern interiors.","breadcrumb":{"@id":"https:\/\/snappform.com\/en\/model\/solis-03#breadcrumb"},"inLanguage":"en-US","potentialAction":[{"@type":"ReadAction","target":["https:\/\/snappform.com\/en\/model\/solis-03"]}]},{"@type":"ImageObject","inLanguage":"en-US","@id":"https:\/\/snappform.com\/en\/model\/solis-03#primaryimage","url":"https:\/\/snappform.com\/wp-content\/uploads\/2025\/05\/Solis-03-orzech-scaled.webp","contentUrl":"https:\/\/snappform.com\/wp-content\/uploads\/2025\/05\/Solis-03-orzech-scaled.webp","width":2560,"height":2560},{"@type":"BreadcrumbList","@id":"https:\/\/snappform.com\/en\/model\/solis-03#breadcrumb","itemListElement":[{"@type":"ListItem","position":1,"name":"Strona g\u0142\u00f3wna","item":"https:\/\/snappform.com\/en"},{"@type":"ListItem","position":2,"name":"Shop","item":"https:\/\/snappform.com\/en\/shop"},{"@type":"ListItem","position":3,"name":"Solis 03"}]},{"@type":"WebSite","@id":"https:\/\/snappform.com\/en#website","url":"https:\/\/snappform.com\/en","name":"Ponadczasowe meble Snapp \u2013 trwa\u0142e materia\u0142y, \u015bwiadomy wyb\u00f3r","description":"","publisher":{"@id":"https:\/\/snappform.com\/en#organization"},"potentialAction":[{"@type":"SearchAction","target":{"@type":"EntryPoint","urlTemplate":"https:\/\/snappform.com\/en?s={search_term_string}"},"query-input":{"@type":"PropertyValueSpecification","valueRequired":true,"valueName":"search_term_string"}}],"inLanguage":"en-US"},{"@type":"Organization","@id":"https:\/\/snappform.com\/en#organization","name":"Snapp","url":"https:\/\/snappform.com\/en","logo":{"@type":"ImageObject","inLanguage":"en-US","@id":"https:\/\/snappform.com\/en#\/schema\/logo\/image\/","url":"https:\/\/snapp.pexstudio.pl\/wp-content\/uploads\/2025\/05\/snapp-logo.png","contentUrl":"https:\/\/snapp.pexstudio.pl\/wp-content\/uploads\/2025\/05\/snapp-logo.png","width":512,"height":512,"caption":"Snapp"},"image":{"@id":"https:\/\/snappform.com\/en#\/schema\/logo\/image\/"}}]}},"_links":{"self":[{"href":"https:\/\/snappform.com\/en\/wp-json\/wp\/v2\/product\/4364","targetHints":{"allow":["GET"]}}],"collection":[{"href":"https:\/\/snappform.com\/en\/wp-json\/wp\/v2\/product"}],"about":[{"href":"https:\/\/snappform.com\/en\/wp-json\/wp\/v2\/types\/product"}],"replies":[{"embeddable":true,"href":"https:\/\/snappform.com\/en\/wp-json\/wp\/v2\/comments?post=4364"}],"wp:featuredmedia":[{"embeddable":true,"href":"https:\/\/snappform.com\/en\/wp-json\/wp\/v2\/media\/2345"}],"wp:attachment":[{"href":"https:\/\/snappform.com\/en\/wp-json\/wp\/v2\/media?parent=4364"}],"wp:term":[{"taxonomy":"product_brand","embeddable":true,"href":"https:\/\/snappform.com\/en\/wp-json\/wp\/v2\/product_brand?post=4364"},{"taxonomy":"product_cat","embeddable":true,"href":"https:\/\/snappform.com\/en\/wp-json\/wp\/v2\/product_cat?post=4364"},{"taxonomy":"product_tag","embeddable":true,"href":"https:\/\/snappform.com\/en\/wp-json\/wp\/v2\/product_tag?post=4364"}],"curies":[{"name":"wp","href":"https:\/\/api.w.org\/{rel}","templated":true}]}}