{"id":4293,"date":"2025-09-15T21:54:06","date_gmt":"2025-09-15T19:54:06","guid":{"rendered":"https:\/\/snappform.com\/model\/aras-04"},"modified":"2026-01-08T21:52:56","modified_gmt":"2026-01-08T20:52:56","slug":"aras-04-extendable-solid-wood-table","status":"publish","type":"product","link":"https:\/\/snappform.com\/en\/model\/aras-04-extendable-solid-wood-table","title":{"rendered":"Aras 04"},"content":{"rendered":"<h1 data-start=\"0\" data-end=\"57\"><strong data-start=\"0\" data-end=\"57\">More space for your gatherings.<br data-start=\"33\" data-end=\"36\" \/>With a single move.<\/strong><\/h1>\n<p data-start=\"59\" data-end=\"261\">Aras 04 &#8211; extendable solid wood table, available in oak and American walnut, that combines functionality with refined aesthetics. The natural material ensures durability and a timeless character.<\/p>\n<p data-start=\"263\" data-end=\"503\">An advanced, synchronous extension mechanism lets you enlarge the tabletop with a single, light motion. Concealed leaves and precise guides ensure smooth operation and stability, while subtly profiled edges lend the form a visual lightness.<\/p>\n<p data-start=\"505\" data-end=\"666\"><strong data-start=\"505\" data-end=\"516\">Aras 04<\/strong> works equally well in modern and classic interiors. Available in three sizes, it easily adapts to the dining room, kitchen, or elegant shared spaces.<\/p>\n","protected":false},"excerpt":{"rendered":"<p>More space for your gatherings.With a single move. Aras 04 &#8211; extendable solid wood table, available in oak and American walnut, that combines functionality with refined aesthetics. The natural material ensures durability and a timeless character. An advanced, synchronous extension mechanism lets you enlarge the tabletop with a single, light motion. Concealed leaves and precise [&hellip;]<\/p>\n","protected":false},"featured_media":4281,"comment_status":"closed","ping_status":"closed","template":"","meta":[],"product_brand":[],"product_cat":[155],"product_tag":[],"class_list":{"0":"post-4293","1":"product","2":"type-product","3":"status-publish","4":"has-post-thumbnail","6":"product_cat-folding-tables","8":"first","9":"instock","10":"shipping-taxable","11":"purchasable","12":"product-type-variable","13":"has-default-attributes"},"yoast_head":"<!-- This site is optimized with the Yoast SEO plugin v27.0 - https:\/\/yoast.com\/product\/yoast-seo-wordpress\/ -->\n<title>More space for your gatherings.With a single move.<\/title>\n<meta name=\"description\" content=\"Aras 04 - extendable solid wood table. A premium extension mechanism makes enlarging the top easy- with a single, light motion.\" \/>\n<meta name=\"robots\" content=\"index, follow, max-snippet:-1, max-image-preview:large, max-video-preview:-1\" \/>\n<link rel=\"canonical\" href=\"https:\/\/snappform.com\/en\/model\/aras-04-extendable-solid-wood-table\" \/>\n<meta property=\"og:locale\" content=\"en_US\" \/>\n<meta property=\"og:type\" content=\"article\" \/>\n<meta property=\"og:title\" content=\"More space for your gatherings.With a single move.\" \/>\n<meta property=\"og:description\" content=\"Aras 04 - extendable solid wood table. A premium extension mechanism makes enlarging the top easy- with a single, light motion.\" \/>\n<meta property=\"og:url\" content=\"https:\/\/snappform.com\/en\/model\/aras-04-extendable-solid-wood-table\" \/>\n<meta property=\"og:site_name\" content=\"Ponadczasowe meble Snapp \u2013 trwa\u0142e materia\u0142y, \u015bwiadomy wyb\u00f3r\" \/>\n<meta property=\"article:modified_time\" content=\"2026-01-08T20:52:56+00:00\" \/>\n<meta property=\"og:image\" content=\"https:\/\/snappform.com\/wp-content\/uploads\/2025\/09\/Foldio-8.webp\" \/>\n\t<meta property=\"og:image:width\" content=\"1590\" \/>\n\t<meta property=\"og:image:height\" content=\"1590\" \/>\n\t<meta property=\"og:image:type\" content=\"image\/webp\" \/>\n<meta name=\"twitter:card\" content=\"summary_large_image\" \/>\n<meta name=\"twitter:label1\" content=\"Est. reading time\" \/>\n\t<meta name=\"twitter:data1\" content=\"1 minute\" \/>\n<script type=\"application\/ld+json\" class=\"yoast-schema-graph\">{\"@context\":\"https:\/\/schema.org\",\"@graph\":[{\"@type\":\"WebPage\",\"@id\":\"https:\/\/snappform.com\/en\/model\/aras-04-extendable-solid-wood-table\",\"url\":\"https:\/\/snappform.com\/en\/model\/aras-04-extendable-solid-wood-table\",\"name\":\"More space for your gatherings.With a single move.\",\"isPartOf\":{\"@id\":\"https:\/\/snappform.com\/en#website\"},\"primaryImageOfPage\":{\"@id\":\"https:\/\/snappform.com\/en\/model\/aras-04-extendable-solid-wood-table#primaryimage\"},\"image\":{\"@id\":\"https:\/\/snappform.com\/en\/model\/aras-04-extendable-solid-wood-table#primaryimage\"},\"thumbnailUrl\":\"https:\/\/snappform.com\/wp-content\/uploads\/2025\/09\/Foldio-8.webp\",\"datePublished\":\"2025-09-15T19:54:06+00:00\",\"dateModified\":\"2026-01-08T20:52:56+00:00\",\"description\":\"Aras 04 - extendable solid wood table. A premium extension mechanism makes enlarging the top easy- with a single, light motion.\",\"breadcrumb\":{\"@id\":\"https:\/\/snappform.com\/en\/model\/aras-04-extendable-solid-wood-table#breadcrumb\"},\"inLanguage\":\"en-US\",\"potentialAction\":[{\"@type\":\"ReadAction\",\"target\":[\"https:\/\/snappform.com\/en\/model\/aras-04-extendable-solid-wood-table\"]}]},{\"@type\":\"ImageObject\",\"inLanguage\":\"en-US\",\"@id\":\"https:\/\/snappform.com\/en\/model\/aras-04-extendable-solid-wood-table#primaryimage\",\"url\":\"https:\/\/snappform.com\/wp-content\/uploads\/2025\/09\/Foldio-8.webp\",\"contentUrl\":\"https:\/\/snappform.com\/wp-content\/uploads\/2025\/09\/Foldio-8.webp\",\"width\":1590,\"height\":1590},{\"@type\":\"BreadcrumbList\",\"@id\":\"https:\/\/snappform.com\/en\/model\/aras-04-extendable-solid-wood-table#breadcrumb\",\"itemListElement\":[{\"@type\":\"ListItem\",\"position\":1,\"name\":\"Strona g\u0142\u00f3wna\",\"item\":\"https:\/\/snappform.com\/en\"},{\"@type\":\"ListItem\",\"position\":2,\"name\":\"Shop\",\"item\":\"https:\/\/snappform.com\/en\/shop\"},{\"@type\":\"ListItem\",\"position\":3,\"name\":\"Aras 04\"}]},{\"@type\":\"WebSite\",\"@id\":\"https:\/\/snappform.com\/en#website\",\"url\":\"https:\/\/snappform.com\/en\",\"name\":\"Ponadczasowe meble Snapp \u2013 trwa\u0142e materia\u0142y, \u015bwiadomy wyb\u00f3r\",\"description\":\"\",\"publisher\":{\"@id\":\"https:\/\/snappform.com\/en#organization\"},\"potentialAction\":[{\"@type\":\"SearchAction\",\"target\":{\"@type\":\"EntryPoint\",\"urlTemplate\":\"https:\/\/snappform.com\/en?s={search_term_string}\"},\"query-input\":{\"@type\":\"PropertyValueSpecification\",\"valueRequired\":true,\"valueName\":\"search_term_string\"}}],\"inLanguage\":\"en-US\"},{\"@type\":\"Organization\",\"@id\":\"https:\/\/snappform.com\/en#organization\",\"name\":\"Snapp\",\"url\":\"https:\/\/snappform.com\/en\",\"logo\":{\"@type\":\"ImageObject\",\"inLanguage\":\"en-US\",\"@id\":\"https:\/\/snappform.com\/en#\/schema\/logo\/image\/\",\"url\":\"https:\/\/snapp.pexstudio.pl\/wp-content\/uploads\/2025\/05\/snapp-logo.png\",\"contentUrl\":\"https:\/\/snapp.pexstudio.pl\/wp-content\/uploads\/2025\/05\/snapp-logo.png\",\"width\":512,\"height\":512,\"caption\":\"Snapp\"},\"image\":{\"@id\":\"https:\/\/snappform.com\/en#\/schema\/logo\/image\/\"}}]}<\/script>\n<!-- \/ Yoast SEO plugin. -->","yoast_head_json":{"title":"More space for your gatherings.With a single move.","description":"Aras 04 - extendable solid wood table. A premium extension mechanism makes enlarging the top easy- with a single, light motion.","robots":{"index":"index","follow":"follow","max-snippet":"max-snippet:-1","max-image-preview":"max-image-preview:large","max-video-preview":"max-video-preview:-1"},"canonical":"https:\/\/snappform.com\/en\/model\/aras-04-extendable-solid-wood-table","og_locale":"en_US","og_type":"article","og_title":"More space for your gatherings.With a single move.","og_description":"Aras 04 - extendable solid wood table. A premium extension mechanism makes enlarging the top easy- with a single, light motion.","og_url":"https:\/\/snappform.com\/en\/model\/aras-04-extendable-solid-wood-table","og_site_name":"Ponadczasowe meble Snapp \u2013 trwa\u0142e materia\u0142y, \u015bwiadomy wyb\u00f3r","article_modified_time":"2026-01-08T20:52:56+00:00","og_image":[{"width":1590,"height":1590,"url":"https:\/\/snappform.com\/wp-content\/uploads\/2025\/09\/Foldio-8.webp","type":"image\/webp"}],"twitter_card":"summary_large_image","twitter_misc":{"Est. reading time":"1 minute"},"schema":{"@context":"https:\/\/schema.org","@graph":[{"@type":"WebPage","@id":"https:\/\/snappform.com\/en\/model\/aras-04-extendable-solid-wood-table","url":"https:\/\/snappform.com\/en\/model\/aras-04-extendable-solid-wood-table","name":"More space for your gatherings.With a single move.","isPartOf":{"@id":"https:\/\/snappform.com\/en#website"},"primaryImageOfPage":{"@id":"https:\/\/snappform.com\/en\/model\/aras-04-extendable-solid-wood-table#primaryimage"},"image":{"@id":"https:\/\/snappform.com\/en\/model\/aras-04-extendable-solid-wood-table#primaryimage"},"thumbnailUrl":"https:\/\/snappform.com\/wp-content\/uploads\/2025\/09\/Foldio-8.webp","datePublished":"2025-09-15T19:54:06+00:00","dateModified":"2026-01-08T20:52:56+00:00","description":"Aras 04 - extendable solid wood table. A premium extension mechanism makes enlarging the top easy- with a single, light motion.","breadcrumb":{"@id":"https:\/\/snappform.com\/en\/model\/aras-04-extendable-solid-wood-table#breadcrumb"},"inLanguage":"en-US","potentialAction":[{"@type":"ReadAction","target":["https:\/\/snappform.com\/en\/model\/aras-04-extendable-solid-wood-table"]}]},{"@type":"ImageObject","inLanguage":"en-US","@id":"https:\/\/snappform.com\/en\/model\/aras-04-extendable-solid-wood-table#primaryimage","url":"https:\/\/snappform.com\/wp-content\/uploads\/2025\/09\/Foldio-8.webp","contentUrl":"https:\/\/snappform.com\/wp-content\/uploads\/2025\/09\/Foldio-8.webp","width":1590,"height":1590},{"@type":"BreadcrumbList","@id":"https:\/\/snappform.com\/en\/model\/aras-04-extendable-solid-wood-table#breadcrumb","itemListElement":[{"@type":"ListItem","position":1,"name":"Strona g\u0142\u00f3wna","item":"https:\/\/snappform.com\/en"},{"@type":"ListItem","position":2,"name":"Shop","item":"https:\/\/snappform.com\/en\/shop"},{"@type":"ListItem","position":3,"name":"Aras 04"}]},{"@type":"WebSite","@id":"https:\/\/snappform.com\/en#website","url":"https:\/\/snappform.com\/en","name":"Ponadczasowe meble Snapp \u2013 trwa\u0142e materia\u0142y, \u015bwiadomy wyb\u00f3r","description":"","publisher":{"@id":"https:\/\/snappform.com\/en#organization"},"potentialAction":[{"@type":"SearchAction","target":{"@type":"EntryPoint","urlTemplate":"https:\/\/snappform.com\/en?s={search_term_string}"},"query-input":{"@type":"PropertyValueSpecification","valueRequired":true,"valueName":"search_term_string"}}],"inLanguage":"en-US"},{"@type":"Organization","@id":"https:\/\/snappform.com\/en#organization","name":"Snapp","url":"https:\/\/snappform.com\/en","logo":{"@type":"ImageObject","inLanguage":"en-US","@id":"https:\/\/snappform.com\/en#\/schema\/logo\/image\/","url":"https:\/\/snapp.pexstudio.pl\/wp-content\/uploads\/2025\/05\/snapp-logo.png","contentUrl":"https:\/\/snapp.pexstudio.pl\/wp-content\/uploads\/2025\/05\/snapp-logo.png","width":512,"height":512,"caption":"Snapp"},"image":{"@id":"https:\/\/snappform.com\/en#\/schema\/logo\/image\/"}}]}},"_links":{"self":[{"href":"https:\/\/snappform.com\/en\/wp-json\/wp\/v2\/product\/4293","targetHints":{"allow":["GET"]}}],"collection":[{"href":"https:\/\/snappform.com\/en\/wp-json\/wp\/v2\/product"}],"about":[{"href":"https:\/\/snappform.com\/en\/wp-json\/wp\/v2\/types\/product"}],"replies":[{"embeddable":true,"href":"https:\/\/snappform.com\/en\/wp-json\/wp\/v2\/comments?post=4293"}],"wp:featuredmedia":[{"embeddable":true,"href":"https:\/\/snappform.com\/en\/wp-json\/wp\/v2\/media\/4281"}],"wp:attachment":[{"href":"https:\/\/snappform.com\/en\/wp-json\/wp\/v2\/media?parent=4293"}],"wp:term":[{"taxonomy":"product_brand","embeddable":true,"href":"https:\/\/snappform.com\/en\/wp-json\/wp\/v2\/product_brand?post=4293"},{"taxonomy":"product_cat","embeddable":true,"href":"https:\/\/snappform.com\/en\/wp-json\/wp\/v2\/product_cat?post=4293"},{"taxonomy":"product_tag","embeddable":true,"href":"https:\/\/snappform.com\/en\/wp-json\/wp\/v2\/product_tag?post=4293"}],"curies":[{"name":"wp","href":"https:\/\/api.w.org\/{rel}","templated":true}]}}