{"id":4109,"date":"2025-08-27T21:19:55","date_gmt":"2025-08-27T19:19:55","guid":{"rendered":"https:\/\/snappform.com\/model\/tele-01-01"},"modified":"2026-01-08T21:39:12","modified_gmt":"2026-01-08T20:39:12","slug":"tele-01-01-side-table-simplicity-and-form","status":"publish","type":"product","link":"https:\/\/snappform.com\/en\/model\/tele-01-01-side-table-simplicity-and-form","title":{"rendered":"Tele 01.01"},"content":{"rendered":"<h1 data-start=\"116\" data-end=\"165\"><strong data-start=\"118\" data-end=\"165\">Tele 01.01 side table \u2013 simplicity and form<\/strong><\/h1>\n<p data-start=\"167\" data-end=\"592\">Tele 01.01 is a model made of lacquered ash wood, measuring 40\u00d750 cm, designed with flexible use in mind. Its construction is based on three leg segments, with the lower one that can be unscrewed. This way you can easily change the height of the table and adapt it to different roles, as a coffee table by the sofa, a side table by the armchair, or a low table in the lounge area.<\/p>\n<p data-start=\"167\" data-end=\"592\">The table belongs to the<a href=\"https:\/\/snappform.com\/meble\/all-products\/collections\/function\/nowoczesna-prostota-stoliki-tele\"> Tele collection.<\/a><\/p>\n","protected":false},"excerpt":{"rendered":"<p>Tele 01.01 side table \u2013 simplicity and form Tele 01.01 is a model made of lacquered ash wood, measuring 40\u00d750 cm, designed with flexible use in mind. Its construction is based on three leg segments, with the lower one that can be unscrewed. This way you can easily change the height of the table and [&hellip;]<\/p>\n","protected":false},"featured_media":4021,"comment_status":"closed","ping_status":"closed","template":"","meta":[],"product_brand":[],"product_cat":[88],"product_tag":[],"class_list":{"0":"post-4109","1":"product","2":"type-product","3":"status-publish","4":"has-post-thumbnail","6":"product_cat-side-table","8":"first","9":"instock","10":"shipping-taxable","11":"purchasable","12":"product-type-variable","13":"has-default-attributes"},"yoast_head":"<!-- This site is optimized with the Yoast SEO plugin v27.0 - https:\/\/yoast.com\/product\/yoast-seo-wordpress\/ -->\n<title>Tele 01.01 side table - lacquered ash wood<\/title>\n<meta name=\"description\" content=\"Tele 01.01 side table \u2013 simplicity and form. Made of lacquered ash wood and measuring 40\u00d750 cm, this model was designed with flexibility in mind.\" \/>\n<meta name=\"robots\" content=\"index, follow, max-snippet:-1, max-image-preview:large, max-video-preview:-1\" \/>\n<link rel=\"canonical\" href=\"https:\/\/snappform.com\/en\/model\/tele-01-01-side-table-simplicity-and-form\" \/>\n<meta property=\"og:locale\" content=\"en_US\" \/>\n<meta property=\"og:type\" content=\"article\" \/>\n<meta property=\"og:title\" content=\"Tele 01.01 side table - lacquered ash wood\" \/>\n<meta property=\"og:description\" content=\"Tele 01.01 side table \u2013 simplicity and form. Made of lacquered ash wood and measuring 40\u00d750 cm, this model was designed with flexibility in mind.\" \/>\n<meta property=\"og:url\" content=\"https:\/\/snappform.com\/en\/model\/tele-01-01-side-table-simplicity-and-form\" \/>\n<meta property=\"og:site_name\" content=\"Ponadczasowe meble Snapp \u2013 trwa\u0142e materia\u0142y, \u015bwiadomy wyb\u00f3r\" \/>\n<meta property=\"article:modified_time\" content=\"2026-01-08T20:39:12+00:00\" \/>\n<meta property=\"og:image\" content=\"https:\/\/snappform.com\/wp-content\/uploads\/2025\/08\/5004-2.png\" \/>\n\t<meta property=\"og:image:width\" content=\"2300\" \/>\n\t<meta property=\"og:image:height\" content=\"2300\" \/>\n\t<meta property=\"og:image:type\" content=\"image\/png\" \/>\n<meta name=\"twitter:card\" content=\"summary_large_image\" \/>\n<meta name=\"twitter:label1\" content=\"Est. reading time\" \/>\n\t<meta name=\"twitter:data1\" content=\"1 minute\" \/>\n<script type=\"application\/ld+json\" class=\"yoast-schema-graph\">{\"@context\":\"https:\/\/schema.org\",\"@graph\":[{\"@type\":\"WebPage\",\"@id\":\"https:\/\/snappform.com\/en\/model\/tele-01-01-side-table-simplicity-and-form\",\"url\":\"https:\/\/snappform.com\/en\/model\/tele-01-01-side-table-simplicity-and-form\",\"name\":\"Tele 01.01 side table - lacquered ash wood\",\"isPartOf\":{\"@id\":\"https:\/\/snappform.com\/en#website\"},\"primaryImageOfPage\":{\"@id\":\"https:\/\/snappform.com\/en\/model\/tele-01-01-side-table-simplicity-and-form#primaryimage\"},\"image\":{\"@id\":\"https:\/\/snappform.com\/en\/model\/tele-01-01-side-table-simplicity-and-form#primaryimage\"},\"thumbnailUrl\":\"https:\/\/snappform.com\/wp-content\/uploads\/2025\/08\/5004-2.png\",\"datePublished\":\"2025-08-27T19:19:55+00:00\",\"dateModified\":\"2026-01-08T20:39:12+00:00\",\"description\":\"Tele 01.01 side table \u2013 simplicity and form. Made of lacquered ash wood and measuring 40\u00d750 cm, this model was designed with flexibility in mind.\",\"breadcrumb\":{\"@id\":\"https:\/\/snappform.com\/en\/model\/tele-01-01-side-table-simplicity-and-form#breadcrumb\"},\"inLanguage\":\"en-US\",\"potentialAction\":[{\"@type\":\"ReadAction\",\"target\":[\"https:\/\/snappform.com\/en\/model\/tele-01-01-side-table-simplicity-and-form\"]}]},{\"@type\":\"ImageObject\",\"inLanguage\":\"en-US\",\"@id\":\"https:\/\/snappform.com\/en\/model\/tele-01-01-side-table-simplicity-and-form#primaryimage\",\"url\":\"https:\/\/snappform.com\/wp-content\/uploads\/2025\/08\/5004-2.png\",\"contentUrl\":\"https:\/\/snappform.com\/wp-content\/uploads\/2025\/08\/5004-2.png\",\"width\":2300,\"height\":2300},{\"@type\":\"BreadcrumbList\",\"@id\":\"https:\/\/snappform.com\/en\/model\/tele-01-01-side-table-simplicity-and-form#breadcrumb\",\"itemListElement\":[{\"@type\":\"ListItem\",\"position\":1,\"name\":\"Strona g\u0142\u00f3wna\",\"item\":\"https:\/\/snappform.com\/en\"},{\"@type\":\"ListItem\",\"position\":2,\"name\":\"Shop\",\"item\":\"https:\/\/snappform.com\/en\/shop\"},{\"@type\":\"ListItem\",\"position\":3,\"name\":\"Tele 01.01\"}]},{\"@type\":\"WebSite\",\"@id\":\"https:\/\/snappform.com\/en#website\",\"url\":\"https:\/\/snappform.com\/en\",\"name\":\"Ponadczasowe meble Snapp \u2013 trwa\u0142e materia\u0142y, \u015bwiadomy wyb\u00f3r\",\"description\":\"\",\"publisher\":{\"@id\":\"https:\/\/snappform.com\/en#organization\"},\"potentialAction\":[{\"@type\":\"SearchAction\",\"target\":{\"@type\":\"EntryPoint\",\"urlTemplate\":\"https:\/\/snappform.com\/en?s={search_term_string}\"},\"query-input\":{\"@type\":\"PropertyValueSpecification\",\"valueRequired\":true,\"valueName\":\"search_term_string\"}}],\"inLanguage\":\"en-US\"},{\"@type\":\"Organization\",\"@id\":\"https:\/\/snappform.com\/en#organization\",\"name\":\"Snapp\",\"url\":\"https:\/\/snappform.com\/en\",\"logo\":{\"@type\":\"ImageObject\",\"inLanguage\":\"en-US\",\"@id\":\"https:\/\/snappform.com\/en#\/schema\/logo\/image\/\",\"url\":\"https:\/\/snapp.pexstudio.pl\/wp-content\/uploads\/2025\/05\/snapp-logo.png\",\"contentUrl\":\"https:\/\/snapp.pexstudio.pl\/wp-content\/uploads\/2025\/05\/snapp-logo.png\",\"width\":512,\"height\":512,\"caption\":\"Snapp\"},\"image\":{\"@id\":\"https:\/\/snappform.com\/en#\/schema\/logo\/image\/\"}}]}<\/script>\n<!-- \/ Yoast SEO plugin. -->","yoast_head_json":{"title":"Tele 01.01 side table - lacquered ash wood","description":"Tele 01.01 side table \u2013 simplicity and form. Made of lacquered ash wood and measuring 40\u00d750 cm, this model was designed with flexibility in mind.","robots":{"index":"index","follow":"follow","max-snippet":"max-snippet:-1","max-image-preview":"max-image-preview:large","max-video-preview":"max-video-preview:-1"},"canonical":"https:\/\/snappform.com\/en\/model\/tele-01-01-side-table-simplicity-and-form","og_locale":"en_US","og_type":"article","og_title":"Tele 01.01 side table - lacquered ash wood","og_description":"Tele 01.01 side table \u2013 simplicity and form. Made of lacquered ash wood and measuring 40\u00d750 cm, this model was designed with flexibility in mind.","og_url":"https:\/\/snappform.com\/en\/model\/tele-01-01-side-table-simplicity-and-form","og_site_name":"Ponadczasowe meble Snapp \u2013 trwa\u0142e materia\u0142y, \u015bwiadomy wyb\u00f3r","article_modified_time":"2026-01-08T20:39:12+00:00","og_image":[{"width":2300,"height":2300,"url":"https:\/\/snappform.com\/wp-content\/uploads\/2025\/08\/5004-2.png","type":"image\/png"}],"twitter_card":"summary_large_image","twitter_misc":{"Est. reading time":"1 minute"},"schema":{"@context":"https:\/\/schema.org","@graph":[{"@type":"WebPage","@id":"https:\/\/snappform.com\/en\/model\/tele-01-01-side-table-simplicity-and-form","url":"https:\/\/snappform.com\/en\/model\/tele-01-01-side-table-simplicity-and-form","name":"Tele 01.01 side table - lacquered ash wood","isPartOf":{"@id":"https:\/\/snappform.com\/en#website"},"primaryImageOfPage":{"@id":"https:\/\/snappform.com\/en\/model\/tele-01-01-side-table-simplicity-and-form#primaryimage"},"image":{"@id":"https:\/\/snappform.com\/en\/model\/tele-01-01-side-table-simplicity-and-form#primaryimage"},"thumbnailUrl":"https:\/\/snappform.com\/wp-content\/uploads\/2025\/08\/5004-2.png","datePublished":"2025-08-27T19:19:55+00:00","dateModified":"2026-01-08T20:39:12+00:00","description":"Tele 01.01 side table \u2013 simplicity and form. Made of lacquered ash wood and measuring 40\u00d750 cm, this model was designed with flexibility in mind.","breadcrumb":{"@id":"https:\/\/snappform.com\/en\/model\/tele-01-01-side-table-simplicity-and-form#breadcrumb"},"inLanguage":"en-US","potentialAction":[{"@type":"ReadAction","target":["https:\/\/snappform.com\/en\/model\/tele-01-01-side-table-simplicity-and-form"]}]},{"@type":"ImageObject","inLanguage":"en-US","@id":"https:\/\/snappform.com\/en\/model\/tele-01-01-side-table-simplicity-and-form#primaryimage","url":"https:\/\/snappform.com\/wp-content\/uploads\/2025\/08\/5004-2.png","contentUrl":"https:\/\/snappform.com\/wp-content\/uploads\/2025\/08\/5004-2.png","width":2300,"height":2300},{"@type":"BreadcrumbList","@id":"https:\/\/snappform.com\/en\/model\/tele-01-01-side-table-simplicity-and-form#breadcrumb","itemListElement":[{"@type":"ListItem","position":1,"name":"Strona g\u0142\u00f3wna","item":"https:\/\/snappform.com\/en"},{"@type":"ListItem","position":2,"name":"Shop","item":"https:\/\/snappform.com\/en\/shop"},{"@type":"ListItem","position":3,"name":"Tele 01.01"}]},{"@type":"WebSite","@id":"https:\/\/snappform.com\/en#website","url":"https:\/\/snappform.com\/en","name":"Ponadczasowe meble Snapp \u2013 trwa\u0142e materia\u0142y, \u015bwiadomy wyb\u00f3r","description":"","publisher":{"@id":"https:\/\/snappform.com\/en#organization"},"potentialAction":[{"@type":"SearchAction","target":{"@type":"EntryPoint","urlTemplate":"https:\/\/snappform.com\/en?s={search_term_string}"},"query-input":{"@type":"PropertyValueSpecification","valueRequired":true,"valueName":"search_term_string"}}],"inLanguage":"en-US"},{"@type":"Organization","@id":"https:\/\/snappform.com\/en#organization","name":"Snapp","url":"https:\/\/snappform.com\/en","logo":{"@type":"ImageObject","inLanguage":"en-US","@id":"https:\/\/snappform.com\/en#\/schema\/logo\/image\/","url":"https:\/\/snapp.pexstudio.pl\/wp-content\/uploads\/2025\/05\/snapp-logo.png","contentUrl":"https:\/\/snapp.pexstudio.pl\/wp-content\/uploads\/2025\/05\/snapp-logo.png","width":512,"height":512,"caption":"Snapp"},"image":{"@id":"https:\/\/snappform.com\/en#\/schema\/logo\/image\/"}}]}},"_links":{"self":[{"href":"https:\/\/snappform.com\/en\/wp-json\/wp\/v2\/product\/4109","targetHints":{"allow":["GET"]}}],"collection":[{"href":"https:\/\/snappform.com\/en\/wp-json\/wp\/v2\/product"}],"about":[{"href":"https:\/\/snappform.com\/en\/wp-json\/wp\/v2\/types\/product"}],"replies":[{"embeddable":true,"href":"https:\/\/snappform.com\/en\/wp-json\/wp\/v2\/comments?post=4109"}],"wp:featuredmedia":[{"embeddable":true,"href":"https:\/\/snappform.com\/en\/wp-json\/wp\/v2\/media\/4021"}],"wp:attachment":[{"href":"https:\/\/snappform.com\/en\/wp-json\/wp\/v2\/media?parent=4109"}],"wp:term":[{"taxonomy":"product_brand","embeddable":true,"href":"https:\/\/snappform.com\/en\/wp-json\/wp\/v2\/product_brand?post=4109"},{"taxonomy":"product_cat","embeddable":true,"href":"https:\/\/snappform.com\/en\/wp-json\/wp\/v2\/product_cat?post=4109"},{"taxonomy":"product_tag","embeddable":true,"href":"https:\/\/snappform.com\/en\/wp-json\/wp\/v2\/product_tag?post=4109"}],"curies":[{"name":"wp","href":"https:\/\/api.w.org\/{rel}","templated":true}]}}