{"id":4092,"date":"2025-08-27T21:04:29","date_gmt":"2025-08-27T19:04:29","guid":{"rendered":"https:\/\/snappform.com\/model\/tele-02-01"},"modified":"2026-01-08T21:48:20","modified_gmt":"2026-01-08T20:48:20","slug":"tele-02-01-coffee-table-play-with-form-and-colour","status":"publish","type":"product","link":"https:\/\/snappform.com\/en\/model\/tele-02-01-coffee-table-play-with-form-and-colour","title":{"rendered":"Tele 02.01"},"content":{"rendered":"<p data-start=\"126\" data-end=\"183\">Tele 02.01 coffee table \u2013 play with form and colour.<\/p>\n<p data-start=\"185\" data-end=\"381\">This model is made of ash wood and is available in a wide range of colours. You can choose a version with a practical tray or without it, which makes it easy to adapt the table to your interior.<\/p>\n<p data-start=\"383\" data-end=\"557\">The Tele 02.01 model complements the Tele collection, which brings closer forms that are ahead of their time. In the same line you will also find the <a href=\"https:\/\/snappform.com\/en\/model\/tele-01-01-side-table-simplicity-and-form\">Tele 01.01 side table.<\/a><\/p>\n","protected":false},"excerpt":{"rendered":"<p>Tele 02.01 coffee table \u2013 play with form and colour. This model is made of ash wood and is available in a wide range of colours. You can choose a version with a practical tray or without it, which makes it easy to adapt the table to your interior. The Tele 02.01 model complements the [&hellip;]<\/p>\n","protected":false},"featured_media":3936,"comment_status":"closed","ping_status":"closed","template":"","meta":[],"product_brand":[],"product_cat":[89],"product_tag":[],"class_list":{"0":"post-4092","1":"product","2":"type-product","3":"status-publish","4":"has-post-thumbnail","6":"product_cat-coffee-tables","8":"first","9":"instock","10":"shipping-taxable","11":"purchasable","12":"product-type-variable","13":"has-default-attributes"},"yoast_head":"<!-- This site is optimized with the Yoast SEO plugin v27.0 - https:\/\/yoast.com\/product\/yoast-seo-wordpress\/ -->\n<title>Tele 02.01 coffee table<\/title>\n<meta name=\"description\" content=\"This model is made of ash wood and is available in a wide range of colours. You can choose a version with a practical tray or without it, which makes it easy to adapt the table to your interior.\" \/>\n<meta name=\"robots\" content=\"index, follow, max-snippet:-1, max-image-preview:large, max-video-preview:-1\" \/>\n<link rel=\"canonical\" href=\"https:\/\/snappform.com\/en\/model\/tele-02-01-coffee-table-play-with-form-and-colour\" \/>\n<meta property=\"og:locale\" content=\"en_US\" \/>\n<meta property=\"og:type\" content=\"article\" \/>\n<meta property=\"og:title\" content=\"Tele 02.01 coffee table\" \/>\n<meta property=\"og:description\" content=\"This model is made of ash wood and is available in a wide range of colours. You can choose a version with a practical tray or without it, which makes it easy to adapt the table to your interior.\" \/>\n<meta property=\"og:url\" content=\"https:\/\/snappform.com\/en\/model\/tele-02-01-coffee-table-play-with-form-and-colour\" \/>\n<meta property=\"og:site_name\" content=\"Ponadczasowe meble Snapp \u2013 trwa\u0142e materia\u0142y, \u015bwiadomy wyb\u00f3r\" \/>\n<meta property=\"article:modified_time\" content=\"2026-01-08T20:48:20+00:00\" \/>\n<meta property=\"og:image\" content=\"https:\/\/snappform.com\/wp-content\/uploads\/2025\/08\/3004.png\" \/>\n\t<meta property=\"og:image:width\" content=\"2300\" \/>\n\t<meta property=\"og:image:height\" content=\"2300\" \/>\n\t<meta property=\"og:image:type\" content=\"image\/png\" \/>\n<meta name=\"twitter:card\" content=\"summary_large_image\" \/>\n<meta name=\"twitter:label1\" content=\"Est. reading time\" \/>\n\t<meta name=\"twitter:data1\" content=\"1 minute\" \/>\n<script type=\"application\/ld+json\" class=\"yoast-schema-graph\">{\"@context\":\"https:\/\/schema.org\",\"@graph\":[{\"@type\":\"WebPage\",\"@id\":\"https:\/\/snappform.com\/en\/model\/tele-02-01-coffee-table-play-with-form-and-colour\",\"url\":\"https:\/\/snappform.com\/en\/model\/tele-02-01-coffee-table-play-with-form-and-colour\",\"name\":\"Tele 02.01 coffee table\",\"isPartOf\":{\"@id\":\"https:\/\/snappform.com\/en#website\"},\"primaryImageOfPage\":{\"@id\":\"https:\/\/snappform.com\/en\/model\/tele-02-01-coffee-table-play-with-form-and-colour#primaryimage\"},\"image\":{\"@id\":\"https:\/\/snappform.com\/en\/model\/tele-02-01-coffee-table-play-with-form-and-colour#primaryimage\"},\"thumbnailUrl\":\"https:\/\/snappform.com\/wp-content\/uploads\/2025\/08\/3004.png\",\"datePublished\":\"2025-08-27T19:04:29+00:00\",\"dateModified\":\"2026-01-08T20:48:20+00:00\",\"description\":\"This model is made of ash wood and is available in a wide range of colours. You can choose a version with a practical tray or without it, which makes it easy to adapt the table to your interior.\",\"breadcrumb\":{\"@id\":\"https:\/\/snappform.com\/en\/model\/tele-02-01-coffee-table-play-with-form-and-colour#breadcrumb\"},\"inLanguage\":\"en-US\",\"potentialAction\":[{\"@type\":\"ReadAction\",\"target\":[\"https:\/\/snappform.com\/en\/model\/tele-02-01-coffee-table-play-with-form-and-colour\"]}]},{\"@type\":\"ImageObject\",\"inLanguage\":\"en-US\",\"@id\":\"https:\/\/snappform.com\/en\/model\/tele-02-01-coffee-table-play-with-form-and-colour#primaryimage\",\"url\":\"https:\/\/snappform.com\/wp-content\/uploads\/2025\/08\/3004.png\",\"contentUrl\":\"https:\/\/snappform.com\/wp-content\/uploads\/2025\/08\/3004.png\",\"width\":2300,\"height\":2300},{\"@type\":\"BreadcrumbList\",\"@id\":\"https:\/\/snappform.com\/en\/model\/tele-02-01-coffee-table-play-with-form-and-colour#breadcrumb\",\"itemListElement\":[{\"@type\":\"ListItem\",\"position\":1,\"name\":\"Strona g\u0142\u00f3wna\",\"item\":\"https:\/\/snappform.com\/en\"},{\"@type\":\"ListItem\",\"position\":2,\"name\":\"Shop\",\"item\":\"https:\/\/snappform.com\/en\/shop\"},{\"@type\":\"ListItem\",\"position\":3,\"name\":\"Tele 02.01\"}]},{\"@type\":\"WebSite\",\"@id\":\"https:\/\/snappform.com\/en#website\",\"url\":\"https:\/\/snappform.com\/en\",\"name\":\"Ponadczasowe meble Snapp \u2013 trwa\u0142e materia\u0142y, \u015bwiadomy wyb\u00f3r\",\"description\":\"\",\"publisher\":{\"@id\":\"https:\/\/snappform.com\/en#organization\"},\"potentialAction\":[{\"@type\":\"SearchAction\",\"target\":{\"@type\":\"EntryPoint\",\"urlTemplate\":\"https:\/\/snappform.com\/en?s={search_term_string}\"},\"query-input\":{\"@type\":\"PropertyValueSpecification\",\"valueRequired\":true,\"valueName\":\"search_term_string\"}}],\"inLanguage\":\"en-US\"},{\"@type\":\"Organization\",\"@id\":\"https:\/\/snappform.com\/en#organization\",\"name\":\"Snapp\",\"url\":\"https:\/\/snappform.com\/en\",\"logo\":{\"@type\":\"ImageObject\",\"inLanguage\":\"en-US\",\"@id\":\"https:\/\/snappform.com\/en#\/schema\/logo\/image\/\",\"url\":\"https:\/\/snapp.pexstudio.pl\/wp-content\/uploads\/2025\/05\/snapp-logo.png\",\"contentUrl\":\"https:\/\/snapp.pexstudio.pl\/wp-content\/uploads\/2025\/05\/snapp-logo.png\",\"width\":512,\"height\":512,\"caption\":\"Snapp\"},\"image\":{\"@id\":\"https:\/\/snappform.com\/en#\/schema\/logo\/image\/\"}}]}<\/script>\n<!-- \/ Yoast SEO plugin. -->","yoast_head_json":{"title":"Tele 02.01 coffee table","description":"This model is made of ash wood and is available in a wide range of colours. You can choose a version with a practical tray or without it, which makes it easy to adapt the table to your interior.","robots":{"index":"index","follow":"follow","max-snippet":"max-snippet:-1","max-image-preview":"max-image-preview:large","max-video-preview":"max-video-preview:-1"},"canonical":"https:\/\/snappform.com\/en\/model\/tele-02-01-coffee-table-play-with-form-and-colour","og_locale":"en_US","og_type":"article","og_title":"Tele 02.01 coffee table","og_description":"This model is made of ash wood and is available in a wide range of colours. You can choose a version with a practical tray or without it, which makes it easy to adapt the table to your interior.","og_url":"https:\/\/snappform.com\/en\/model\/tele-02-01-coffee-table-play-with-form-and-colour","og_site_name":"Ponadczasowe meble Snapp \u2013 trwa\u0142e materia\u0142y, \u015bwiadomy wyb\u00f3r","article_modified_time":"2026-01-08T20:48:20+00:00","og_image":[{"width":2300,"height":2300,"url":"https:\/\/snappform.com\/wp-content\/uploads\/2025\/08\/3004.png","type":"image\/png"}],"twitter_card":"summary_large_image","twitter_misc":{"Est. reading time":"1 minute"},"schema":{"@context":"https:\/\/schema.org","@graph":[{"@type":"WebPage","@id":"https:\/\/snappform.com\/en\/model\/tele-02-01-coffee-table-play-with-form-and-colour","url":"https:\/\/snappform.com\/en\/model\/tele-02-01-coffee-table-play-with-form-and-colour","name":"Tele 02.01 coffee table","isPartOf":{"@id":"https:\/\/snappform.com\/en#website"},"primaryImageOfPage":{"@id":"https:\/\/snappform.com\/en\/model\/tele-02-01-coffee-table-play-with-form-and-colour#primaryimage"},"image":{"@id":"https:\/\/snappform.com\/en\/model\/tele-02-01-coffee-table-play-with-form-and-colour#primaryimage"},"thumbnailUrl":"https:\/\/snappform.com\/wp-content\/uploads\/2025\/08\/3004.png","datePublished":"2025-08-27T19:04:29+00:00","dateModified":"2026-01-08T20:48:20+00:00","description":"This model is made of ash wood and is available in a wide range of colours. You can choose a version with a practical tray or without it, which makes it easy to adapt the table to your interior.","breadcrumb":{"@id":"https:\/\/snappform.com\/en\/model\/tele-02-01-coffee-table-play-with-form-and-colour#breadcrumb"},"inLanguage":"en-US","potentialAction":[{"@type":"ReadAction","target":["https:\/\/snappform.com\/en\/model\/tele-02-01-coffee-table-play-with-form-and-colour"]}]},{"@type":"ImageObject","inLanguage":"en-US","@id":"https:\/\/snappform.com\/en\/model\/tele-02-01-coffee-table-play-with-form-and-colour#primaryimage","url":"https:\/\/snappform.com\/wp-content\/uploads\/2025\/08\/3004.png","contentUrl":"https:\/\/snappform.com\/wp-content\/uploads\/2025\/08\/3004.png","width":2300,"height":2300},{"@type":"BreadcrumbList","@id":"https:\/\/snappform.com\/en\/model\/tele-02-01-coffee-table-play-with-form-and-colour#breadcrumb","itemListElement":[{"@type":"ListItem","position":1,"name":"Strona g\u0142\u00f3wna","item":"https:\/\/snappform.com\/en"},{"@type":"ListItem","position":2,"name":"Shop","item":"https:\/\/snappform.com\/en\/shop"},{"@type":"ListItem","position":3,"name":"Tele 02.01"}]},{"@type":"WebSite","@id":"https:\/\/snappform.com\/en#website","url":"https:\/\/snappform.com\/en","name":"Ponadczasowe meble Snapp \u2013 trwa\u0142e materia\u0142y, \u015bwiadomy wyb\u00f3r","description":"","publisher":{"@id":"https:\/\/snappform.com\/en#organization"},"potentialAction":[{"@type":"SearchAction","target":{"@type":"EntryPoint","urlTemplate":"https:\/\/snappform.com\/en?s={search_term_string}"},"query-input":{"@type":"PropertyValueSpecification","valueRequired":true,"valueName":"search_term_string"}}],"inLanguage":"en-US"},{"@type":"Organization","@id":"https:\/\/snappform.com\/en#organization","name":"Snapp","url":"https:\/\/snappform.com\/en","logo":{"@type":"ImageObject","inLanguage":"en-US","@id":"https:\/\/snappform.com\/en#\/schema\/logo\/image\/","url":"https:\/\/snapp.pexstudio.pl\/wp-content\/uploads\/2025\/05\/snapp-logo.png","contentUrl":"https:\/\/snapp.pexstudio.pl\/wp-content\/uploads\/2025\/05\/snapp-logo.png","width":512,"height":512,"caption":"Snapp"},"image":{"@id":"https:\/\/snappform.com\/en#\/schema\/logo\/image\/"}}]}},"_links":{"self":[{"href":"https:\/\/snappform.com\/en\/wp-json\/wp\/v2\/product\/4092","targetHints":{"allow":["GET"]}}],"collection":[{"href":"https:\/\/snappform.com\/en\/wp-json\/wp\/v2\/product"}],"about":[{"href":"https:\/\/snappform.com\/en\/wp-json\/wp\/v2\/types\/product"}],"replies":[{"embeddable":true,"href":"https:\/\/snappform.com\/en\/wp-json\/wp\/v2\/comments?post=4092"}],"wp:featuredmedia":[{"embeddable":true,"href":"https:\/\/snappform.com\/en\/wp-json\/wp\/v2\/media\/3936"}],"wp:attachment":[{"href":"https:\/\/snappform.com\/en\/wp-json\/wp\/v2\/media?parent=4092"}],"wp:term":[{"taxonomy":"product_brand","embeddable":true,"href":"https:\/\/snappform.com\/en\/wp-json\/wp\/v2\/product_brand?post=4092"},{"taxonomy":"product_cat","embeddable":true,"href":"https:\/\/snappform.com\/en\/wp-json\/wp\/v2\/product_cat?post=4092"},{"taxonomy":"product_tag","embeddable":true,"href":"https:\/\/snappform.com\/en\/wp-json\/wp\/v2\/product_tag?post=4092"}],"curies":[{"name":"wp","href":"https:\/\/api.w.org\/{rel}","templated":true}]}}