{"id":3777,"date":"2025-07-25T12:03:50","date_gmt":"2025-07-25T10:03:50","guid":{"rendered":"https:\/\/snappform.com\/model\/vero-04"},"modified":"2026-01-08T21:53:57","modified_gmt":"2026-01-08T20:53:57","slug":"vero-04-modular-shelf-unexpected-geometry","status":"publish","type":"product","link":"https:\/\/snappform.com\/en\/model\/vero-04-modular-shelf-unexpected-geometry","title":{"rendered":"Vero 05"},"content":{"rendered":"<p data-start=\"133\" data-end=\"201\"><strong data-start=\"135\" data-end=\"201\">Vero 05 modular shelf \u2013 unexpected geometry. Obvious function.<\/strong><\/p>\n<p data-start=\"203\" data-end=\"565\">Made of solid wood or lacquered oak veneer, the shelf is available in several ready-made variants: from a single module to larger compositions. Thanks to its thoughtful design, Vero 05 works perfectly as a bookshelf, a display unit, or a room divider. Its raw, architectural character is emphasised by the rhythmic play of surfaces and asymmetrical partitions.<\/p>\n<p data-start=\"567\" data-end=\"675\">If you are looking for a tailor-made shelf, you can order your own configuration adapted to your interior.<\/p>\n","protected":false},"excerpt":{"rendered":"<p>Vero 05 modular shelf \u2013 unexpected geometry. Obvious function. Made of solid wood or lacquered oak veneer, the shelf is available in several ready-made variants: from a single module to larger compositions. Thanks to its thoughtful design, Vero 05 works perfectly as a bookshelf, a display unit, or a room divider. Its raw, architectural character [&hellip;]<\/p>\n","protected":false},"featured_media":3760,"comment_status":"closed","ping_status":"closed","template":"","meta":[],"product_brand":[],"product_cat":[115],"product_tag":[],"class_list":{"0":"post-3777","1":"product","2":"type-product","3":"status-publish","4":"has-post-thumbnail","6":"product_cat-shelves","8":"first","9":"instock","10":"shipping-taxable","11":"purchasable","12":"product-type-variable"},"yoast_head":"<!-- This site is optimized with the Yoast SEO plugin v27.0 - https:\/\/yoast.com\/product\/yoast-seo-wordpress\/ -->\n<title>Modular shelf - made of solid wood<\/title>\n<meta name=\"description\" content=\"Vero 04 modular shelf \u2013 unexpected geometry. Made of solid wood or lacquered oak veneer, the shelf is available in several ready-made variants.\" \/>\n<meta name=\"robots\" content=\"index, follow, max-snippet:-1, max-image-preview:large, max-video-preview:-1\" \/>\n<link rel=\"canonical\" href=\"https:\/\/snappform.com\/en\/model\/vero-04-modular-shelf-unexpected-geometry\" \/>\n<meta property=\"og:locale\" content=\"en_US\" \/>\n<meta property=\"og:type\" content=\"article\" \/>\n<meta property=\"og:title\" content=\"Modular shelf - made of solid wood\" \/>\n<meta property=\"og:description\" content=\"Vero 04 modular shelf \u2013 unexpected geometry. Made of solid wood or lacquered oak veneer, the shelf is available in several ready-made variants.\" \/>\n<meta property=\"og:url\" content=\"https:\/\/snappform.com\/en\/model\/vero-04-modular-shelf-unexpected-geometry\" \/>\n<meta property=\"og:site_name\" content=\"Ponadczasowe meble Snapp \u2013 trwa\u0142e materia\u0142y, \u015bwiadomy wyb\u00f3r\" \/>\n<meta property=\"article:modified_time\" content=\"2026-01-08T20:53:57+00:00\" \/>\n<meta property=\"og:image\" content=\"https:\/\/snappform.com\/wp-content\/uploads\/2025\/07\/Vero-XL-RAL-280-60-35-scaled.webp\" \/>\n\t<meta property=\"og:image:width\" content=\"2560\" \/>\n\t<meta property=\"og:image:height\" content=\"2560\" \/>\n\t<meta property=\"og:image:type\" content=\"image\/webp\" \/>\n<meta name=\"twitter:card\" content=\"summary_large_image\" \/>\n<meta name=\"twitter:label1\" content=\"Est. reading time\" \/>\n\t<meta name=\"twitter:data1\" content=\"1 minute\" \/>\n<script type=\"application\/ld+json\" class=\"yoast-schema-graph\">{\"@context\":\"https:\/\/schema.org\",\"@graph\":[{\"@type\":\"WebPage\",\"@id\":\"https:\/\/snappform.com\/en\/model\/vero-04-modular-shelf-unexpected-geometry\",\"url\":\"https:\/\/snappform.com\/en\/model\/vero-04-modular-shelf-unexpected-geometry\",\"name\":\"Modular shelf - made of solid wood\",\"isPartOf\":{\"@id\":\"https:\/\/snappform.com\/en#website\"},\"primaryImageOfPage\":{\"@id\":\"https:\/\/snappform.com\/en\/model\/vero-04-modular-shelf-unexpected-geometry#primaryimage\"},\"image\":{\"@id\":\"https:\/\/snappform.com\/en\/model\/vero-04-modular-shelf-unexpected-geometry#primaryimage\"},\"thumbnailUrl\":\"https:\/\/snappform.com\/wp-content\/uploads\/2025\/07\/Vero-XL-RAL-280-60-35-scaled.webp\",\"datePublished\":\"2025-07-25T10:03:50+00:00\",\"dateModified\":\"2026-01-08T20:53:57+00:00\",\"description\":\"Vero 04 modular shelf \u2013 unexpected geometry. Made of solid wood or lacquered oak veneer, the shelf is available in several ready-made variants.\",\"breadcrumb\":{\"@id\":\"https:\/\/snappform.com\/en\/model\/vero-04-modular-shelf-unexpected-geometry#breadcrumb\"},\"inLanguage\":\"en-US\",\"potentialAction\":[{\"@type\":\"ReadAction\",\"target\":[\"https:\/\/snappform.com\/en\/model\/vero-04-modular-shelf-unexpected-geometry\"]}]},{\"@type\":\"ImageObject\",\"inLanguage\":\"en-US\",\"@id\":\"https:\/\/snappform.com\/en\/model\/vero-04-modular-shelf-unexpected-geometry#primaryimage\",\"url\":\"https:\/\/snappform.com\/wp-content\/uploads\/2025\/07\/Vero-XL-RAL-280-60-35-scaled.webp\",\"contentUrl\":\"https:\/\/snappform.com\/wp-content\/uploads\/2025\/07\/Vero-XL-RAL-280-60-35-scaled.webp\",\"width\":2560,\"height\":2560},{\"@type\":\"BreadcrumbList\",\"@id\":\"https:\/\/snappform.com\/en\/model\/vero-04-modular-shelf-unexpected-geometry#breadcrumb\",\"itemListElement\":[{\"@type\":\"ListItem\",\"position\":1,\"name\":\"Strona g\u0142\u00f3wna\",\"item\":\"https:\/\/snappform.com\/en\"},{\"@type\":\"ListItem\",\"position\":2,\"name\":\"Shop\",\"item\":\"https:\/\/snappform.com\/en\/shop\"},{\"@type\":\"ListItem\",\"position\":3,\"name\":\"Vero 05\"}]},{\"@type\":\"WebSite\",\"@id\":\"https:\/\/snappform.com\/en#website\",\"url\":\"https:\/\/snappform.com\/en\",\"name\":\"Ponadczasowe meble Snapp \u2013 trwa\u0142e materia\u0142y, \u015bwiadomy wyb\u00f3r\",\"description\":\"\",\"publisher\":{\"@id\":\"https:\/\/snappform.com\/en#organization\"},\"potentialAction\":[{\"@type\":\"SearchAction\",\"target\":{\"@type\":\"EntryPoint\",\"urlTemplate\":\"https:\/\/snappform.com\/en?s={search_term_string}\"},\"query-input\":{\"@type\":\"PropertyValueSpecification\",\"valueRequired\":true,\"valueName\":\"search_term_string\"}}],\"inLanguage\":\"en-US\"},{\"@type\":\"Organization\",\"@id\":\"https:\/\/snappform.com\/en#organization\",\"name\":\"Snapp\",\"url\":\"https:\/\/snappform.com\/en\",\"logo\":{\"@type\":\"ImageObject\",\"inLanguage\":\"en-US\",\"@id\":\"https:\/\/snappform.com\/en#\/schema\/logo\/image\/\",\"url\":\"https:\/\/snapp.pexstudio.pl\/wp-content\/uploads\/2025\/05\/snapp-logo.png\",\"contentUrl\":\"https:\/\/snapp.pexstudio.pl\/wp-content\/uploads\/2025\/05\/snapp-logo.png\",\"width\":512,\"height\":512,\"caption\":\"Snapp\"},\"image\":{\"@id\":\"https:\/\/snappform.com\/en#\/schema\/logo\/image\/\"}}]}<\/script>\n<!-- \/ Yoast SEO plugin. -->","yoast_head_json":{"title":"Modular shelf - made of solid wood","description":"Vero 04 modular shelf \u2013 unexpected geometry. Made of solid wood or lacquered oak veneer, the shelf is available in several ready-made variants.","robots":{"index":"index","follow":"follow","max-snippet":"max-snippet:-1","max-image-preview":"max-image-preview:large","max-video-preview":"max-video-preview:-1"},"canonical":"https:\/\/snappform.com\/en\/model\/vero-04-modular-shelf-unexpected-geometry","og_locale":"en_US","og_type":"article","og_title":"Modular shelf - made of solid wood","og_description":"Vero 04 modular shelf \u2013 unexpected geometry. Made of solid wood or lacquered oak veneer, the shelf is available in several ready-made variants.","og_url":"https:\/\/snappform.com\/en\/model\/vero-04-modular-shelf-unexpected-geometry","og_site_name":"Ponadczasowe meble Snapp \u2013 trwa\u0142e materia\u0142y, \u015bwiadomy wyb\u00f3r","article_modified_time":"2026-01-08T20:53:57+00:00","og_image":[{"width":2560,"height":2560,"url":"https:\/\/snappform.com\/wp-content\/uploads\/2025\/07\/Vero-XL-RAL-280-60-35-scaled.webp","type":"image\/webp"}],"twitter_card":"summary_large_image","twitter_misc":{"Est. reading time":"1 minute"},"schema":{"@context":"https:\/\/schema.org","@graph":[{"@type":"WebPage","@id":"https:\/\/snappform.com\/en\/model\/vero-04-modular-shelf-unexpected-geometry","url":"https:\/\/snappform.com\/en\/model\/vero-04-modular-shelf-unexpected-geometry","name":"Modular shelf - made of solid wood","isPartOf":{"@id":"https:\/\/snappform.com\/en#website"},"primaryImageOfPage":{"@id":"https:\/\/snappform.com\/en\/model\/vero-04-modular-shelf-unexpected-geometry#primaryimage"},"image":{"@id":"https:\/\/snappform.com\/en\/model\/vero-04-modular-shelf-unexpected-geometry#primaryimage"},"thumbnailUrl":"https:\/\/snappform.com\/wp-content\/uploads\/2025\/07\/Vero-XL-RAL-280-60-35-scaled.webp","datePublished":"2025-07-25T10:03:50+00:00","dateModified":"2026-01-08T20:53:57+00:00","description":"Vero 04 modular shelf \u2013 unexpected geometry. Made of solid wood or lacquered oak veneer, the shelf is available in several ready-made variants.","breadcrumb":{"@id":"https:\/\/snappform.com\/en\/model\/vero-04-modular-shelf-unexpected-geometry#breadcrumb"},"inLanguage":"en-US","potentialAction":[{"@type":"ReadAction","target":["https:\/\/snappform.com\/en\/model\/vero-04-modular-shelf-unexpected-geometry"]}]},{"@type":"ImageObject","inLanguage":"en-US","@id":"https:\/\/snappform.com\/en\/model\/vero-04-modular-shelf-unexpected-geometry#primaryimage","url":"https:\/\/snappform.com\/wp-content\/uploads\/2025\/07\/Vero-XL-RAL-280-60-35-scaled.webp","contentUrl":"https:\/\/snappform.com\/wp-content\/uploads\/2025\/07\/Vero-XL-RAL-280-60-35-scaled.webp","width":2560,"height":2560},{"@type":"BreadcrumbList","@id":"https:\/\/snappform.com\/en\/model\/vero-04-modular-shelf-unexpected-geometry#breadcrumb","itemListElement":[{"@type":"ListItem","position":1,"name":"Strona g\u0142\u00f3wna","item":"https:\/\/snappform.com\/en"},{"@type":"ListItem","position":2,"name":"Shop","item":"https:\/\/snappform.com\/en\/shop"},{"@type":"ListItem","position":3,"name":"Vero 05"}]},{"@type":"WebSite","@id":"https:\/\/snappform.com\/en#website","url":"https:\/\/snappform.com\/en","name":"Ponadczasowe meble Snapp \u2013 trwa\u0142e materia\u0142y, \u015bwiadomy wyb\u00f3r","description":"","publisher":{"@id":"https:\/\/snappform.com\/en#organization"},"potentialAction":[{"@type":"SearchAction","target":{"@type":"EntryPoint","urlTemplate":"https:\/\/snappform.com\/en?s={search_term_string}"},"query-input":{"@type":"PropertyValueSpecification","valueRequired":true,"valueName":"search_term_string"}}],"inLanguage":"en-US"},{"@type":"Organization","@id":"https:\/\/snappform.com\/en#organization","name":"Snapp","url":"https:\/\/snappform.com\/en","logo":{"@type":"ImageObject","inLanguage":"en-US","@id":"https:\/\/snappform.com\/en#\/schema\/logo\/image\/","url":"https:\/\/snapp.pexstudio.pl\/wp-content\/uploads\/2025\/05\/snapp-logo.png","contentUrl":"https:\/\/snapp.pexstudio.pl\/wp-content\/uploads\/2025\/05\/snapp-logo.png","width":512,"height":512,"caption":"Snapp"},"image":{"@id":"https:\/\/snappform.com\/en#\/schema\/logo\/image\/"}}]}},"_links":{"self":[{"href":"https:\/\/snappform.com\/en\/wp-json\/wp\/v2\/product\/3777","targetHints":{"allow":["GET"]}}],"collection":[{"href":"https:\/\/snappform.com\/en\/wp-json\/wp\/v2\/product"}],"about":[{"href":"https:\/\/snappform.com\/en\/wp-json\/wp\/v2\/types\/product"}],"replies":[{"embeddable":true,"href":"https:\/\/snappform.com\/en\/wp-json\/wp\/v2\/comments?post=3777"}],"wp:featuredmedia":[{"embeddable":true,"href":"https:\/\/snappform.com\/en\/wp-json\/wp\/v2\/media\/3760"}],"wp:attachment":[{"href":"https:\/\/snappform.com\/en\/wp-json\/wp\/v2\/media?parent=3777"}],"wp:term":[{"taxonomy":"product_brand","embeddable":true,"href":"https:\/\/snappform.com\/en\/wp-json\/wp\/v2\/product_brand?post=3777"},{"taxonomy":"product_cat","embeddable":true,"href":"https:\/\/snappform.com\/en\/wp-json\/wp\/v2\/product_cat?post=3777"},{"taxonomy":"product_tag","embeddable":true,"href":"https:\/\/snappform.com\/en\/wp-json\/wp\/v2\/product_tag?post=3777"}],"curies":[{"name":"wp","href":"https:\/\/api.w.org\/{rel}","templated":true}]}}