{"id":2541,"date":"2025-05-05T09:25:36","date_gmt":"2025-05-05T07:25:36","guid":{"rendered":"https:\/\/snapp.pexstudio.pl\/?post_type=product&#038;p=2541"},"modified":"2026-01-08T21:44:00","modified_gmt":"2026-01-08T20:44:00","slug":"solis-02-01","status":"publish","type":"product","link":"https:\/\/snappform.com\/en\/model\/solis-02-01","title":{"rendered":"Solis 02.01"},"content":{"rendered":"<p>Solis 02.01 is an elegant and functional wooden coffe table that fits perfectly into any interior. Its modern geometry and ergonomic form give it a timeless character, making it the perfect choice for lovers of good design. The table is entirely made of high quality wood in your choice of walnut or oak wood. Pure wood in geometrical object.<\/p>\n","protected":false},"excerpt":{"rendered":"<p>Solis 02.01 is an elegant and functional wooden coffe table that fits perfectly into any interior. Its modern geometry and ergonomic form give it a timeless character, making it the perfect choice for lovers of good design. The table is entirely made of high quality wood in your choice of walnut or oak wood. Pure [&hellip;]<\/p>\n","protected":false},"featured_media":2908,"comment_status":"open","ping_status":"closed","template":"","meta":[],"product_brand":[],"product_cat":[89,87],"product_tag":[],"class_list":{"0":"post-2541","1":"product","2":"type-product","3":"status-publish","4":"has-post-thumbnail","6":"product_cat-coffee-tables","7":"product_cat-collections","9":"first","10":"instock","11":"shipping-taxable","12":"purchasable","13":"product-type-variable","14":"has-default-attributes"},"yoast_head":"<!-- This site is optimized with the Yoast SEO plugin v27.0 - https:\/\/yoast.com\/product\/yoast-seo-wordpress\/ -->\n<title>Solis 02.01 - functional wooden coffe table<\/title>\n<meta name=\"description\" content=\"Pure wood in geometrical objec. The table is entirely made of high quality wood in your choice of walnut or oak wood. Pure wood in geometrical object.\" \/>\n<meta name=\"robots\" content=\"index, follow, max-snippet:-1, max-image-preview:large, max-video-preview:-1\" \/>\n<link rel=\"canonical\" href=\"https:\/\/snappform.com\/en\/model\/solis-02-01\" \/>\n<meta property=\"og:locale\" content=\"en_US\" \/>\n<meta property=\"og:type\" content=\"article\" \/>\n<meta property=\"og:title\" content=\"Solis 02.01 - functional wooden coffe table\" \/>\n<meta property=\"og:description\" content=\"Pure wood in geometrical objec. The table is entirely made of high quality wood in your choice of walnut or oak wood. Pure wood in geometrical object.\" \/>\n<meta property=\"og:url\" content=\"https:\/\/snappform.com\/en\/model\/solis-02-01\" \/>\n<meta property=\"og:site_name\" content=\"Ponadczasowe meble Snapp \u2013 trwa\u0142e materia\u0142y, \u015bwiadomy wyb\u00f3r\" \/>\n<meta property=\"article:modified_time\" content=\"2026-01-08T20:44:00+00:00\" \/>\n<meta property=\"og:image\" content=\"https:\/\/snappform.com\/wp-content\/uploads\/2025\/05\/Solis-02_01-orzech-1.webp\" \/>\n\t<meta property=\"og:image:width\" content=\"2432\" \/>\n\t<meta property=\"og:image:height\" content=\"2432\" \/>\n\t<meta property=\"og:image:type\" content=\"image\/webp\" \/>\n<meta name=\"twitter:card\" content=\"summary_large_image\" \/>\n<meta name=\"twitter:label1\" content=\"Est. reading time\" \/>\n\t<meta name=\"twitter:data1\" content=\"1 minute\" \/>\n<script type=\"application\/ld+json\" class=\"yoast-schema-graph\">{\"@context\":\"https:\/\/schema.org\",\"@graph\":[{\"@type\":\"WebPage\",\"@id\":\"https:\/\/snappform.com\/en\/model\/solis-02-01\",\"url\":\"https:\/\/snappform.com\/en\/model\/solis-02-01\",\"name\":\"Solis 02.01 - functional wooden coffe table\",\"isPartOf\":{\"@id\":\"https:\/\/snappform.com\/en#website\"},\"primaryImageOfPage\":{\"@id\":\"https:\/\/snappform.com\/en\/model\/solis-02-01#primaryimage\"},\"image\":{\"@id\":\"https:\/\/snappform.com\/en\/model\/solis-02-01#primaryimage\"},\"thumbnailUrl\":\"https:\/\/snappform.com\/wp-content\/uploads\/2025\/05\/Solis-02_01-orzech-1.webp\",\"datePublished\":\"2025-05-05T07:25:36+00:00\",\"dateModified\":\"2026-01-08T20:44:00+00:00\",\"description\":\"Pure wood in geometrical objec. The table is entirely made of high quality wood in your choice of walnut or oak wood. Pure wood in geometrical object.\",\"breadcrumb\":{\"@id\":\"https:\/\/snappform.com\/en\/model\/solis-02-01#breadcrumb\"},\"inLanguage\":\"en-US\",\"potentialAction\":[{\"@type\":\"ReadAction\",\"target\":[\"https:\/\/snappform.com\/en\/model\/solis-02-01\"]}]},{\"@type\":\"ImageObject\",\"inLanguage\":\"en-US\",\"@id\":\"https:\/\/snappform.com\/en\/model\/solis-02-01#primaryimage\",\"url\":\"https:\/\/snappform.com\/wp-content\/uploads\/2025\/05\/Solis-02_01-orzech-1.webp\",\"contentUrl\":\"https:\/\/snappform.com\/wp-content\/uploads\/2025\/05\/Solis-02_01-orzech-1.webp\",\"width\":2432,\"height\":2432},{\"@type\":\"BreadcrumbList\",\"@id\":\"https:\/\/snappform.com\/en\/model\/solis-02-01#breadcrumb\",\"itemListElement\":[{\"@type\":\"ListItem\",\"position\":1,\"name\":\"Strona g\u0142\u00f3wna\",\"item\":\"https:\/\/snappform.com\/en\"},{\"@type\":\"ListItem\",\"position\":2,\"name\":\"Shop\",\"item\":\"https:\/\/snappform.com\/en\/shop\"},{\"@type\":\"ListItem\",\"position\":3,\"name\":\"Solis 02.01\"}]},{\"@type\":\"WebSite\",\"@id\":\"https:\/\/snappform.com\/en#website\",\"url\":\"https:\/\/snappform.com\/en\",\"name\":\"Ponadczasowe meble Snapp \u2013 trwa\u0142e materia\u0142y, \u015bwiadomy wyb\u00f3r\",\"description\":\"\",\"publisher\":{\"@id\":\"https:\/\/snappform.com\/en#organization\"},\"potentialAction\":[{\"@type\":\"SearchAction\",\"target\":{\"@type\":\"EntryPoint\",\"urlTemplate\":\"https:\/\/snappform.com\/en?s={search_term_string}\"},\"query-input\":{\"@type\":\"PropertyValueSpecification\",\"valueRequired\":true,\"valueName\":\"search_term_string\"}}],\"inLanguage\":\"en-US\"},{\"@type\":\"Organization\",\"@id\":\"https:\/\/snappform.com\/en#organization\",\"name\":\"Snapp\",\"url\":\"https:\/\/snappform.com\/en\",\"logo\":{\"@type\":\"ImageObject\",\"inLanguage\":\"en-US\",\"@id\":\"https:\/\/snappform.com\/en#\/schema\/logo\/image\/\",\"url\":\"https:\/\/snapp.pexstudio.pl\/wp-content\/uploads\/2025\/05\/snapp-logo.png\",\"contentUrl\":\"https:\/\/snapp.pexstudio.pl\/wp-content\/uploads\/2025\/05\/snapp-logo.png\",\"width\":512,\"height\":512,\"caption\":\"Snapp\"},\"image\":{\"@id\":\"https:\/\/snappform.com\/en#\/schema\/logo\/image\/\"}}]}<\/script>\n<!-- \/ Yoast SEO plugin. -->","yoast_head_json":{"title":"Solis 02.01 - functional wooden coffe table","description":"Pure wood in geometrical objec. The table is entirely made of high quality wood in your choice of walnut or oak wood. Pure wood in geometrical object.","robots":{"index":"index","follow":"follow","max-snippet":"max-snippet:-1","max-image-preview":"max-image-preview:large","max-video-preview":"max-video-preview:-1"},"canonical":"https:\/\/snappform.com\/en\/model\/solis-02-01","og_locale":"en_US","og_type":"article","og_title":"Solis 02.01 - functional wooden coffe table","og_description":"Pure wood in geometrical objec. The table is entirely made of high quality wood in your choice of walnut or oak wood. Pure wood in geometrical object.","og_url":"https:\/\/snappform.com\/en\/model\/solis-02-01","og_site_name":"Ponadczasowe meble Snapp \u2013 trwa\u0142e materia\u0142y, \u015bwiadomy wyb\u00f3r","article_modified_time":"2026-01-08T20:44:00+00:00","og_image":[{"width":2432,"height":2432,"url":"https:\/\/snappform.com\/wp-content\/uploads\/2025\/05\/Solis-02_01-orzech-1.webp","type":"image\/webp"}],"twitter_card":"summary_large_image","twitter_misc":{"Est. reading time":"1 minute"},"schema":{"@context":"https:\/\/schema.org","@graph":[{"@type":"WebPage","@id":"https:\/\/snappform.com\/en\/model\/solis-02-01","url":"https:\/\/snappform.com\/en\/model\/solis-02-01","name":"Solis 02.01 - functional wooden coffe table","isPartOf":{"@id":"https:\/\/snappform.com\/en#website"},"primaryImageOfPage":{"@id":"https:\/\/snappform.com\/en\/model\/solis-02-01#primaryimage"},"image":{"@id":"https:\/\/snappform.com\/en\/model\/solis-02-01#primaryimage"},"thumbnailUrl":"https:\/\/snappform.com\/wp-content\/uploads\/2025\/05\/Solis-02_01-orzech-1.webp","datePublished":"2025-05-05T07:25:36+00:00","dateModified":"2026-01-08T20:44:00+00:00","description":"Pure wood in geometrical objec. The table is entirely made of high quality wood in your choice of walnut or oak wood. Pure wood in geometrical object.","breadcrumb":{"@id":"https:\/\/snappform.com\/en\/model\/solis-02-01#breadcrumb"},"inLanguage":"en-US","potentialAction":[{"@type":"ReadAction","target":["https:\/\/snappform.com\/en\/model\/solis-02-01"]}]},{"@type":"ImageObject","inLanguage":"en-US","@id":"https:\/\/snappform.com\/en\/model\/solis-02-01#primaryimage","url":"https:\/\/snappform.com\/wp-content\/uploads\/2025\/05\/Solis-02_01-orzech-1.webp","contentUrl":"https:\/\/snappform.com\/wp-content\/uploads\/2025\/05\/Solis-02_01-orzech-1.webp","width":2432,"height":2432},{"@type":"BreadcrumbList","@id":"https:\/\/snappform.com\/en\/model\/solis-02-01#breadcrumb","itemListElement":[{"@type":"ListItem","position":1,"name":"Strona g\u0142\u00f3wna","item":"https:\/\/snappform.com\/en"},{"@type":"ListItem","position":2,"name":"Shop","item":"https:\/\/snappform.com\/en\/shop"},{"@type":"ListItem","position":3,"name":"Solis 02.01"}]},{"@type":"WebSite","@id":"https:\/\/snappform.com\/en#website","url":"https:\/\/snappform.com\/en","name":"Ponadczasowe meble Snapp \u2013 trwa\u0142e materia\u0142y, \u015bwiadomy wyb\u00f3r","description":"","publisher":{"@id":"https:\/\/snappform.com\/en#organization"},"potentialAction":[{"@type":"SearchAction","target":{"@type":"EntryPoint","urlTemplate":"https:\/\/snappform.com\/en?s={search_term_string}"},"query-input":{"@type":"PropertyValueSpecification","valueRequired":true,"valueName":"search_term_string"}}],"inLanguage":"en-US"},{"@type":"Organization","@id":"https:\/\/snappform.com\/en#organization","name":"Snapp","url":"https:\/\/snappform.com\/en","logo":{"@type":"ImageObject","inLanguage":"en-US","@id":"https:\/\/snappform.com\/en#\/schema\/logo\/image\/","url":"https:\/\/snapp.pexstudio.pl\/wp-content\/uploads\/2025\/05\/snapp-logo.png","contentUrl":"https:\/\/snapp.pexstudio.pl\/wp-content\/uploads\/2025\/05\/snapp-logo.png","width":512,"height":512,"caption":"Snapp"},"image":{"@id":"https:\/\/snappform.com\/en#\/schema\/logo\/image\/"}}]}},"_links":{"self":[{"href":"https:\/\/snappform.com\/en\/wp-json\/wp\/v2\/product\/2541","targetHints":{"allow":["GET"]}}],"collection":[{"href":"https:\/\/snappform.com\/en\/wp-json\/wp\/v2\/product"}],"about":[{"href":"https:\/\/snappform.com\/en\/wp-json\/wp\/v2\/types\/product"}],"replies":[{"embeddable":true,"href":"https:\/\/snappform.com\/en\/wp-json\/wp\/v2\/comments?post=2541"}],"wp:featuredmedia":[{"embeddable":true,"href":"https:\/\/snappform.com\/en\/wp-json\/wp\/v2\/media\/2908"}],"wp:attachment":[{"href":"https:\/\/snappform.com\/en\/wp-json\/wp\/v2\/media?parent=2541"}],"wp:term":[{"taxonomy":"product_brand","embeddable":true,"href":"https:\/\/snappform.com\/en\/wp-json\/wp\/v2\/product_brand?post=2541"},{"taxonomy":"product_cat","embeddable":true,"href":"https:\/\/snappform.com\/en\/wp-json\/wp\/v2\/product_cat?post=2541"},{"taxonomy":"product_tag","embeddable":true,"href":"https:\/\/snappform.com\/en\/wp-json\/wp\/v2\/product_tag?post=2541"}],"curies":[{"name":"wp","href":"https:\/\/api.w.org\/{rel}","templated":true}]}}